{"id":1004,"date":"2023-01-30T15:17:06","date_gmt":"2023-01-30T14:17:06","guid":{"rendered":"https:\/\/burgis.de\/gv\/?page_id=1004"},"modified":"2024-10-02T14:12:21","modified_gmt":"2024-10-02T12:12:21","slug":"team-vorstellung","status":"publish","type":"page","link":"https:\/\/burgis.de\/gv\/team-vorstellung\/","title":{"rendered":"Team-Vorstellung"},"content":{"rendered":"<div class=\"wp-block-group alignfull is-style-2-3-left has-green-background-color has-background\" id=\"klaus-huber\"><div class=\"wp-block-group__inner-container is-layout-flow wp-block-group-is-layout-flow\">\n<div style=\"height:100px\" aria-hidden=\"true\" class=\"wp-block-spacer\"><\/div>\n\n\n\n<div class=\"wp-block-columns are-vertically-aligned-center is-layout-flex wp-container-core-columns-is-layout-9d6595d7 wp-block-columns-is-layout-flex\">\n<div class=\"wp-block-column is-vertically-aligned-center is-layout-flow wp-block-column-is-layout-flow\">\n<h2 class=\"wp-block-heading\">Petra M\u00fcller<\/h2>\n\n\n\n<hr class=\"wp-block-separator has-css-opacity is-style-default-left\" \/>\n\n\n\n<p>Petra ist das Herz unseres Foodservice-Teams. Nach fast 15 Jahren als globale Exportleiterin in der Milchwirtschaft startete sie 2010 ein spannendes Projekt: den Foodservice bei Burgis von Null auf aufzubauen. Auf bis zu 40 Messen im Jahr kn\u00fcpfte sie zun\u00e4chst im Alleingang mit unserem Gesch\u00e4ftsf\u00fchrer Timo Burger wertvolle Kontakte in der Branche. So wuchs \u00fcber die Jahre nicht nur der Bekanntheitsgrad von Burgis in der GV-Branche, sondern auch unser Team an qualifizierten Fachberatern, das sich zu einer eingeschworenen und famili\u00e4ren Truppe entwickelt hat. <\/p>\n\n\n\n<p>Und genau das treibt Petra an: Der Kontakt zu Menschen und Fachleuten, die sich in erster Linie f\u00fcr das Produkt interessieren und nicht nur f\u00fcr den Preis. Mit dem zeitgerechten Kn\u00f6delspezialit\u00e4ten strebt Petra an, dass die Marke Burgis aus den K\u00fcchen der Foodservice-Unternehmen nicht mehr wegzudenken ist und noch weitere Klientel erschlossen werden.<\/p>\n<\/div>\n\n\n\n<div class=\"wp-block-column is-vertically-aligned-center is-layout-flow wp-block-column-is-layout-flow\">\n<figure class=\"wp-block-image size-full is-style-boxed-shadow\"><img loading=\"lazy\" decoding=\"async\" width=\"1024\" height=\"683\" src=\"https:\/\/burgis.de\/app\/uploads\/sites\/2\/2024\/01\/design-ohne-titel-63.png\" alt=\"Petra M\u00fcller\" class=\"wp-image-1493\" srcset=\"https:\/\/burgis.de\/app\/uploads\/sites\/2\/2024\/01\/design-ohne-titel-63.png 1024w,  https:\/\/burgis.de\/app\/uploads\/sites\/2\/2024\/01\/design-ohne-titel-63-300x200.png 300w,  https:\/\/burgis.de\/app\/uploads\/sites\/2\/2024\/01\/design-ohne-titel-63-768x512.png 768w\" sizes=\"auto, (max-width: 1024px) 100vw, 1024px\" \/><\/figure>\n<\/div>\n<\/div>\n\n\n\n<div style=\"height:60px\" aria-hidden=\"true\" class=\"wp-block-spacer\"><\/div>\n<\/div><\/div>\n\n\n\n<div style=\"height:99px\" aria-hidden=\"true\" class=\"wp-block-spacer\"><\/div>\n\n\n\n<div class=\"wp-block-group alignfull is-style-2-3-right has-green-background-color has-background\" id=\"holger-anders\"><div class=\"wp-block-group__inner-container is-layout-flow wp-block-group-is-layout-flow\">\n<div style=\"height:100px\" aria-hidden=\"true\" class=\"wp-block-spacer\"><\/div>\n\n\n\n<div class=\"wp-block-columns are-vertically-aligned-center is-layout-flex wp-container-core-columns-is-layout-9d6595d7 wp-block-columns-is-layout-flex\">\n<div class=\"wp-block-column is-vertically-aligned-center is-layout-flow wp-block-column-is-layout-flow\">\n<figure class=\"wp-block-image size-full is-style-boxed-shadow\"><img loading=\"lazy\" decoding=\"async\" width=\"1024\" height=\"683\" src=\"https:\/\/burgis.de\/app\/uploads\/sites\/2\/2023\/04\/anders-holger.jpg\" alt=\"Holger Anders\" class=\"wp-image-1200\" srcset=\"https:\/\/burgis.de\/app\/uploads\/sites\/2\/2023\/04\/anders-holger.jpg 1024w,  https:\/\/burgis.de\/app\/uploads\/sites\/2\/2023\/04\/anders-holger-300x200.jpg 300w,  https:\/\/burgis.de\/app\/uploads\/sites\/2\/2023\/04\/anders-holger-768x512.jpg 768w\" sizes=\"auto, (max-width: 1024px) 100vw, 1024px\" \/><\/figure>\n<\/div>\n\n\n\n<div class=\"wp-block-column is-vertically-aligned-center is-layout-flow wp-block-column-is-layout-flow\">\n<h2 class=\"wp-block-heading\">Holger Anders<\/h2>\n\n\n\n<hr class=\"wp-block-separator has-css-opacity is-style-default-left\" \/>\n\n\n\n<p>Entgegen des Wunsches seines Vaters, ist Holger zum Gl\u00fcck nicht in der Automobil-Branche gelandet, sondern hat sich durchgesetzt und seine Leidenschaft, das Kochen, zum Beruf gemacht. Bereits wenige Jahre nach der Kochlehre \u00fcbernahm er die Betriebskantine der Stadt Hildesheim als K\u00fcchenleiter. Nach einer Anstellung als Warengruppenleiter Fleisch und Wurst bei einem Supermarkt und der Umschulung zum Industriekaufmann f\u00fchrte ihn sein Weg zur Anstellung des Betriebsleiters eines Catering-Unternehmens. Als 2007 die Entscheidung f\u00fcr den Au\u00dfendienst kam, war klar, dass es die Lebensmittelbranche sein muss, da Kochen ihn das ganze Leben schon begleitet und er sich beruflich immer mit Essen und Trinken besch\u00e4ftigt hat. Seit 2016 ist er f\u00fcr Burgis in Norddeutschland unterwegs und begeistert seine Kunden mit Kn\u00f6delliebe. Wenn Holger selbst am Herd steht, kocht er am liebsten den Burgis Spinatkn\u00f6del, ganz klassisch mit Nussbutter und frischem Parmesan.<\/p>\n<\/div>\n<\/div>\n\n\n\n<div style=\"height:60px\" aria-hidden=\"true\" class=\"wp-block-spacer\"><\/div>\n<\/div><\/div>\n\n\n\n<div style=\"height:100px\" aria-hidden=\"true\" class=\"wp-block-spacer\"><\/div>\n\n\n\n<div class=\"wp-block-group alignfull is-style-2-3-left has-green-background-color has-background\" id=\"klaus-huber\"><div class=\"wp-block-group__inner-container is-layout-flow wp-block-group-is-layout-flow\">\n<div style=\"height:100px\" aria-hidden=\"true\" class=\"wp-block-spacer\"><\/div>\n\n\n\n<div class=\"wp-block-columns are-vertically-aligned-center is-layout-flex wp-container-core-columns-is-layout-9d6595d7 wp-block-columns-is-layout-flex\">\n<div class=\"wp-block-column is-vertically-aligned-center is-layout-flow wp-block-column-is-layout-flow\">\n<h2 class=\"wp-block-heading\">Klaus Huber<\/h2>\n\n\n\n<hr class=\"wp-block-separator has-css-opacity is-style-default-left\" \/>\n\n\n\n<p>Gepr\u00e4gt durch die Gastwirtschaft seiner Oma war der Berufswunsch \u201eKoch\u201c bei Klaus immer tief verankert und erlernte dementsprechend auch den Beruf. Nach ein paar Jahren Auslandserfahrungen ging sein Weg auf der Hotelfachschule weiter und als Betriebs\u00f6konom des Hotel- und Gastst\u00e4ttenwesens war er nun als Restaurant-Manager und Gebietsverkaufsleiter in der Systemgastronomie t\u00e4tig. Danach folgte allerdings der Wechsel in den Vertrieb, zun\u00e4chst in die Backwarenbranche und seit 2019 bei Burgis Kn\u00f6delliebe.<br>Oma\u2019s Kn\u00f6del mit Majoran sind ihm besonders in Erinnerung geblieben ebenso wie die Busgesellschaften in der Lehre, die mit Semmelkn\u00f6del versorgt werden mussten &#8211; damals alles noch von Hand gedreht. Daher freut es ihn sehr, seinen Kunden im Ost-Deutschen Raum bei der Vorstellung der Burgis Produkte eine Entlastung des Personals mit hoher Gelingsicherheit und hohe Standzeiten, ohne Verluste beim Geschmack, garantieren zu k\u00f6nnen.<\/p>\n<\/div>\n\n\n\n<div class=\"wp-block-column is-vertically-aligned-center is-layout-flow wp-block-column-is-layout-flow\">\n<figure class=\"wp-block-image size-full is-style-boxed-shadow\"><img loading=\"lazy\" decoding=\"async\" width=\"1024\" height=\"683\" src=\"https:\/\/burgis.de\/app\/uploads\/sites\/2\/2023\/04\/huber-klaus.jpg\" alt=\"Klaus Huber\" class=\"wp-image-1196\" srcset=\"https:\/\/burgis.de\/app\/uploads\/sites\/2\/2023\/04\/huber-klaus.jpg 1024w,  https:\/\/burgis.de\/app\/uploads\/sites\/2\/2023\/04\/huber-klaus-300x200.jpg 300w,  https:\/\/burgis.de\/app\/uploads\/sites\/2\/2023\/04\/huber-klaus-768x512.jpg 768w\" sizes=\"auto, (max-width: 1024px) 100vw, 1024px\" \/><\/figure>\n<\/div>\n<\/div>\n\n\n\n<div style=\"height:60px\" aria-hidden=\"true\" class=\"wp-block-spacer\"><\/div>\n<\/div><\/div>\n\n\n\n<div style=\"height:100px\" aria-hidden=\"true\" class=\"wp-block-spacer\"><\/div>\n\n\n\n<div class=\"wp-block-group alignfull is-style-2-3-right has-green-background-color has-background\" id=\"ewald-schmitz\"><div class=\"wp-block-group__inner-container is-layout-flow wp-block-group-is-layout-flow\">\n<div style=\"height:100px\" aria-hidden=\"true\" class=\"wp-block-spacer\"><\/div>\n\n\n\n<div class=\"wp-block-columns are-vertically-aligned-center is-layout-flex wp-container-core-columns-is-layout-9d6595d7 wp-block-columns-is-layout-flex\">\n<div class=\"wp-block-column is-vertically-aligned-center is-layout-flow wp-block-column-is-layout-flow\">\n<figure class=\"wp-block-image size-full is-style-boxed-shadow\"><img loading=\"lazy\" decoding=\"async\" width=\"1024\" height=\"683\" src=\"https:\/\/burgis.de\/app\/uploads\/sites\/2\/2023\/04\/schmitz-ewald.jpg\" alt=\"Ewald Schmitz\" class=\"wp-image-1199\" srcset=\"https:\/\/burgis.de\/app\/uploads\/sites\/2\/2023\/04\/schmitz-ewald.jpg 1024w,  https:\/\/burgis.de\/app\/uploads\/sites\/2\/2023\/04\/schmitz-ewald-300x200.jpg 300w,  https:\/\/burgis.de\/app\/uploads\/sites\/2\/2023\/04\/schmitz-ewald-768x512.jpg 768w\" sizes=\"auto, (max-width: 1024px) 100vw, 1024px\" \/><\/figure>\n<\/div>\n\n\n\n<div class=\"wp-block-column is-vertically-aligned-center is-layout-flow wp-block-column-is-layout-flow\">\n<h2 class=\"wp-block-heading\">Ewald Schmitz<\/h2>\n\n\n\n<hr class=\"wp-block-separator has-css-opacity is-style-default-left\" \/>\n\n\n\n<p>Das Interesse f\u00fcrs Kochen hat Ewald in der Schule bei der Koch AG entdeckt. In seinen 23 Berufsjahren als Koch hat er 12 Jahre davon in der Gastronomie im In- und Ausland gearbeitet und 11 Jahre in Betriebskantinen von zwei Cateringbetrieben. Dann kam der Umstieg in den Au\u00dfendienst der Lebensmittelbranche. Bereits seit 4 Jahren ist er nun Teil des Burgis GV-Teams und gibt voller \u00dcberzeugung die Vielfalt der Burgis Kn\u00f6del an seine Kunden im West- und Mittel-Deutschen Raum weiter. Auch in seinem Lieblingsgericht, dem rohen Kartoffelkn\u00f6del mit Schweinebauch und Kraut sind die Eigenschaften \u201egelingsicher\u201c und \u201estandfest\u201c der Burgis Kn\u00f6del von Vorteil.<\/p>\n<\/div>\n<\/div>\n\n\n\n<div style=\"height:60px\" aria-hidden=\"true\" class=\"wp-block-spacer\"><\/div>\n<\/div><\/div>\n\n\n\n<div style=\"height:100px\" aria-hidden=\"true\" class=\"wp-block-spacer\"><\/div>\n\n\n\n<div class=\"wp-block-group alignfull is-style-2-3-left has-green-background-color has-background\" id=\"manfred-mottl\"><div class=\"wp-block-group__inner-container is-layout-flow wp-block-group-is-layout-flow\">\n<div style=\"height:100px\" aria-hidden=\"true\" class=\"wp-block-spacer\"><\/div>\n\n\n\n<div class=\"wp-block-columns are-vertically-aligned-center is-layout-flex wp-container-core-columns-is-layout-9d6595d7 wp-block-columns-is-layout-flex\">\n<div class=\"wp-block-column is-vertically-aligned-center is-layout-flow wp-block-column-is-layout-flow\">\n<h2 class=\"wp-block-heading\">Manfred Mottl<\/h2>\n\n\n\n<hr class=\"wp-block-separator has-css-opacity is-style-default-left\" \/>\n\n\n\n<p>Das gemeinsame Kochen in der Kindheit mit seiner Oma und Mutter hat Manfred Mottl gepr\u00e4gt. Schon fr\u00fch hat er dort mitgeholfen und z.B. die So\u00dfe f\u00fcr Weihnachten gekocht. Der Lehrberuf Koch stand bereits ab der 7. Klasse f\u00fcr ihn fest und nach dem erfolgreichen Abschluss war er nicht mehr aufzuhalten. In seinen ca. 25 Jahren als K\u00fcchenmeister und K\u00fcchenleiter hat Manfred sowohl 50 Personen in der Bundeswehr-Feldk\u00fcche, als auch ein Team aus 25 Leuten, davon 8 mit Behinderung, in einer Behindertenwerkst\u00e4tte geleitet. Seit 2008 begleitet er die Lebensmittelbranche im Au\u00dfendienst und seit 5 Jahren verbreitet er Kn\u00f6delliebe f\u00fcr Burgis. Sein Lieblings-Kn\u00f6delrezept sind Kn\u00f6delinos mit zerbr\u00f6selte Amarettini und ger\u00f6stete Haseln\u00fcsse, je nach Saison mit Zwetschgenr\u00f6ster, Vanilleso\u00dfe oder Eis. F\u00fcr seine Kunden im S\u00fcddeutschen Raum empfiehlt er die Burgis-Kn\u00f6del, weil sie sofort einsatzbereit, gelingsicher und kurzfristig fl\u00e4chendeckend verf\u00fcgbar sind.<\/p>\n<\/div>\n\n\n\n<div class=\"wp-block-column is-vertically-aligned-center is-layout-flow wp-block-column-is-layout-flow\">\n<figure class=\"wp-block-image size-full is-style-boxed-shadow\"><img loading=\"lazy\" decoding=\"async\" width=\"1024\" height=\"683\" src=\"https:\/\/burgis.de\/app\/uploads\/sites\/2\/2023\/04\/mottl-manfred.jpg\" alt=\"Manfred Mottl\" class=\"wp-image-1198\" srcset=\"https:\/\/burgis.de\/app\/uploads\/sites\/2\/2023\/04\/mottl-manfred.jpg 1024w,  https:\/\/burgis.de\/app\/uploads\/sites\/2\/2023\/04\/mottl-manfred-300x200.jpg 300w,  https:\/\/burgis.de\/app\/uploads\/sites\/2\/2023\/04\/mottl-manfred-768x512.jpg 768w\" sizes=\"auto, (max-width: 1024px) 100vw, 1024px\" \/><\/figure>\n<\/div>\n<\/div>\n\n\n\n<div style=\"height:60px\" aria-hidden=\"true\" class=\"wp-block-spacer\"><\/div>\n<\/div><\/div>\n\n\n\n<div style=\"height:100px\" aria-hidden=\"true\" class=\"wp-block-spacer\"><\/div>\n\n\n\n<div class=\"wp-block-group alignfull is-style-2-3-right has-green-background-color has-background\" id=\"ewald-schmitz\"><div class=\"wp-block-group__inner-container is-layout-flow wp-block-group-is-layout-flow\">\n<div style=\"height:100px\" aria-hidden=\"true\" class=\"wp-block-spacer\"><\/div>\n\n\n\n<div class=\"wp-block-columns are-vertically-aligned-center is-layout-flex wp-container-core-columns-is-layout-9d6595d7 wp-block-columns-is-layout-flex\">\n<div class=\"wp-block-column is-vertically-aligned-center is-layout-flow wp-block-column-is-layout-flow\">\n<figure class=\"wp-block-image size-full is-style-boxed-shadow\"><img loading=\"lazy\" decoding=\"async\" width=\"1024\" height=\"683\" src=\"https:\/\/burgis.de\/app\/uploads\/sites\/2\/2024\/04\/design-ohne-titel-9.png\" alt=\"Patrick Blass\" class=\"wp-image-1525\" srcset=\"https:\/\/burgis.de\/app\/uploads\/sites\/2\/2024\/04\/design-ohne-titel-9.png 1024w,  https:\/\/burgis.de\/app\/uploads\/sites\/2\/2024\/04\/design-ohne-titel-9-300x200.png 300w,  https:\/\/burgis.de\/app\/uploads\/sites\/2\/2024\/04\/design-ohne-titel-9-768x512.png 768w\" sizes=\"auto, (max-width: 1024px) 100vw, 1024px\" \/><\/figure>\n<\/div>\n\n\n\n<div class=\"wp-block-column is-vertically-aligned-center is-layout-flow wp-block-column-is-layout-flow\">\n<h2 class=\"wp-block-heading\">Patrick Blass<\/h2>\n\n\n\n<hr class=\"wp-block-separator has-css-opacity is-style-default-left\" \/>\n\n\n\n<p>Von den Familienurlauben in \u201eBella Italia\u201c war Patrick schon von Kindestagen an von der Hotellerie und K\u00f6chen begeistert. Entsprechend hat er seine Ausbildung zum Hotelfachmann und Koch (IHK) absolviert und abgeschlossen. Dennoch liebt Patrick auch das Netzwerken und viel Abwechslung in seinem Job. Deshalb arbeitet er seit 15 Jahren im Vertrieb. Auch dort gab es bereits Ber\u00fchrungspunkte mit seinen heutigen Burgis-Kollegen und unserem Unternehmen. Auch privat \u00fcberzeugen ihn (und auch die bayerische Schwiegermutter) die Kn\u00f6delspezialit\u00e4ten, f\u00fcr die er im Raum Hessen als Ansprechpartner fungiert: mit \u201ehoher Qualit\u00e4t, sehr gutem Geschmack und einem gro\u00dfartigen Handling\u201c.<\/p>\n<\/div>\n<\/div>\n\n\n\n<div style=\"height:60px\" aria-hidden=\"true\" class=\"wp-block-spacer\"><\/div>\n<\/div><\/div>\n\n\n\n<div style=\"height:100px\" aria-hidden=\"true\" class=\"wp-block-spacer\"><\/div>\n\n\n\n<div class=\"wp-block-group alignfull is-style-2-3-left has-green-background-color has-background\" id=\"manfred-mottl\"><div class=\"wp-block-group__inner-container is-layout-flow wp-block-group-is-layout-flow\">\n<div style=\"height:100px\" aria-hidden=\"true\" class=\"wp-block-spacer\"><\/div>\n\n\n\n<div class=\"wp-block-columns are-vertically-aligned-center is-layout-flex wp-container-core-columns-is-layout-9d6595d7 wp-block-columns-is-layout-flex\">\n<div class=\"wp-block-column is-vertically-aligned-center is-layout-flow wp-block-column-is-layout-flow\">\n<h2 class=\"wp-block-heading\">Manuel Schulz<\/h2>\n\n\n\n<hr class=\"wp-block-separator has-css-opacity is-style-default-left\" \/>\n\n\n\n<p>Schon zu Schulzeiten ist Manuel mit dem Wahlfach \u201eErn\u00e4hrung\u201c im wahrsten Sinne des Wortes auf den (Koch)-Geschmack gekommen. Es folgte schlie\u00dflich die Ausbildung zum Koch in einem renommierten 5-Sterne-Hotel sowie weitere namhafte Stationen (u.a. bei der K\u00e4fer Sch\u00e4nke, Holger Stromberg) in seiner Vita. Auch auf dem Oktoberfest ist Manuel bestens vernetzt und war bereits in mehreren Festzelten aktiv. Ebenso in der Gemeinschaftsverpflegung, ehe es f\u00fcr ihn in den Gastro-Vertrieb ging. Bei seinem Wechsel zu Burgis \u00fcberzeugte ihn insbesondere \u201eder famili\u00e4re Umgang vom ersten Tag an\u201c sowie die hochwertigen und nachhaltigen Produkte, die man in gr\u00f6\u00dferer Menge \u201eselbst nicht besser herstellen kann\u201c, so Manuel. Er wird Gro\u00dfkunden im s\u00fcdbayerischen Raum f\u00fcr den Burgis Foodservice betreuen wird.&nbsp;&nbsp;<\/p>\n<\/div>\n\n\n\n<div class=\"wp-block-column is-vertically-aligned-center is-layout-flow wp-block-column-is-layout-flow\">\n<figure class=\"wp-block-image size-full is-style-boxed-shadow\"><img loading=\"lazy\" decoding=\"async\" width=\"1024\" height=\"683\" src=\"https:\/\/burgis.de\/app\/uploads\/sites\/2\/2024\/04\/manuel-schulz-new.png\" alt=\"Manuel Schulz\" class=\"wp-image-1530\" srcset=\"https:\/\/burgis.de\/app\/uploads\/sites\/2\/2024\/04\/manuel-schulz-new.png 1024w,  https:\/\/burgis.de\/app\/uploads\/sites\/2\/2024\/04\/manuel-schulz-new-300x200.png 300w,  https:\/\/burgis.de\/app\/uploads\/sites\/2\/2024\/04\/manuel-schulz-new-768x512.png 768w\" sizes=\"auto, (max-width: 1024px) 100vw, 1024px\" \/><\/figure>\n<\/div>\n<\/div>\n\n\n\n<div style=\"height:60px\" aria-hidden=\"true\" class=\"wp-block-spacer\"><\/div>\n<\/div><\/div>","protected":false},"excerpt":{"rendered":"<p>Petra M\u00fcller Petra ist das Herz unseres Foodservice-Teams. Nach fast 15 Jahren als globale Exportleiterin in der Milchwirtschaft startete sie 2010 ein spannendes Projekt: den Foodservice bei Burgis von Null auf aufzubauen. Auf bis zu 40 Messen im Jahr kn\u00fcpfte sie zun\u00e4chst im Alleingang mit unserem Gesch\u00e4ftsf\u00fchrer Timo Burger wertvolle Kontakte in der Branche. So [&hellip;]<\/p>","protected":false},"author":19,"featured_media":0,"parent":0,"menu_order":0,"comment_status":"closed","ping_status":"closed","template":"","meta":{"_acf_changed":false,"_seopress_robots_primary_cat":"","_seopress_titles_title":"","_seopress_titles_desc":"Lernen Sie unser engagiertes Team kennen! Entdecken Sie die Menschen hinter Burgis, die mit Leidenschaft hochwertige Lebensmittel f\u00fcr Sie kreieren!","_seopress_robots_index":"","footnotes":""},"class_list":["post-1004","page","type-page","status-publish","hentry"],"acf":[],"_links":{"self":[{"href":"https:\/\/burgis.de\/gv\/wp-json\/wp\/v2\/pages\/1004","targetHints":{"allow":["GET"]}}],"collection":[{"href":"https:\/\/burgis.de\/gv\/wp-json\/wp\/v2\/pages"}],"about":[{"href":"https:\/\/burgis.de\/gv\/wp-json\/wp\/v2\/types\/page"}],"author":[{"embeddable":true,"href":"https:\/\/burgis.de\/gv\/wp-json\/wp\/v2\/users\/19"}],"replies":[{"embeddable":true,"href":"https:\/\/burgis.de\/gv\/wp-json\/wp\/v2\/comments?post=1004"}],"version-history":[{"count":22,"href":"https:\/\/burgis.de\/gv\/wp-json\/wp\/v2\/pages\/1004\/revisions"}],"predecessor-version":[{"id":1659,"href":"https:\/\/burgis.de\/gv\/wp-json\/wp\/v2\/pages\/1004\/revisions\/1659"}],"wp:attachment":[{"href":"https:\/\/burgis.de\/gv\/wp-json\/wp\/v2\/media?parent=1004"}],"curies":[{"name":"wp","href":"https:\/\/api.w.org\/{rel}","templated":true}]}}