{"id":246,"date":"2022-03-03T16:25:27","date_gmt":"2022-03-03T15:25:27","guid":{"rendered":"https:\/\/burgis.de\/gv\/?page_id=246"},"modified":"2025-09-03T08:55:20","modified_gmt":"2025-09-03T06:55:20","slug":"home","status":"publish","type":"page","link":"https:\/\/burgis.de\/gv\/","title":{"rendered":"Home"},"content":{"rendered":"","protected":false},"excerpt":{"rendered":"","protected":false},"author":20,"featured_media":0,"parent":0,"menu_order":0,"comment_status":"closed","ping_status":"closed","template":"","meta":{"_acf_changed":false,"_seopress_robots_primary_cat":"","_seopress_titles_title":"Der Partner f\u00fcr K\u00fcchenprofis: Burgis Kn\u00f6delspezialit\u00e4ten","_seopress_titles_desc":"Burgis bietet hochwertige, regionale Kn\u00f6delspezialit\u00e4ten f\u00fcr Gro\u00dfk\u00fcchen und Gastronomen. Einfach, schnell und zuverl\u00e4ssig!","_seopress_robots_index":"","footnotes":""},"class_list":["post-246","page","type-page","status-publish","hentry"],"acf":[],"_links":{"self":[{"href":"https:\/\/burgis.de\/gv\/wp-json\/wp\/v2\/pages\/246","targetHints":{"allow":["GET"]}}],"collection":[{"href":"https:\/\/burgis.de\/gv\/wp-json\/wp\/v2\/pages"}],"about":[{"href":"https:\/\/burgis.de\/gv\/wp-json\/wp\/v2\/types\/page"}],"author":[{"embeddable":true,"href":"https:\/\/burgis.de\/gv\/wp-json\/wp\/v2\/users\/20"}],"replies":[{"embeddable":true,"href":"https:\/\/burgis.de\/gv\/wp-json\/wp\/v2\/comments?post=246"}],"version-history":[{"count":2,"href":"https:\/\/burgis.de\/gv\/wp-json\/wp\/v2\/pages\/246\/revisions"}],"predecessor-version":[{"id":1580,"href":"https:\/\/burgis.de\/gv\/wp-json\/wp\/v2\/pages\/246\/revisions\/1580"}],"wp:attachment":[{"href":"https:\/\/burgis.de\/gv\/wp-json\/wp\/v2\/media?parent=246"}],"curies":[{"name":"wp","href":"https:\/\/api.w.org\/{rel}","templated":true}]}}