{"id":282,"date":"2022-03-07T13:47:09","date_gmt":"2022-03-07T12:47:09","guid":{"rendered":"https:\/\/burgis.de\/gv\/?page_id=282"},"modified":"2024-07-10T15:14:14","modified_gmt":"2024-07-10T13:14:14","slug":"qualitaet-aus-bayern","status":"publish","type":"page","link":"https:\/\/burgis.de\/gv\/qualitaet-aus-bayern\/","title":{"rendered":"Qualit\u00e4t aus Bayern"},"content":{"rendered":"<div class=\"wp-block-cover alignfull is-light has-parallax\" style=\"background-image:url(https:\/\/burgis.de\/app\/uploads\/2021\/03\/Burgis_0718_0598.jpg);min-height:550px;aspect-ratio:unset;\"><span aria-hidden=\"true\" class=\"has-background-dim-0 wp-block-cover__gradient-background has-background-dim\"><\/span><div class=\"wp-block-cover__inner-container is-layout-flow wp-block-cover-is-layout-flow\">\n<p class=\"has-text-align-center has-large-font-size\"><\/p>\n<\/div><\/div>\n\n\n\n<div class=\"wp-block-group is-style-boxed-shadow mi-negative-top-10 has-white-background-color has-background\"><div class=\"wp-block-group__inner-container is-layout-flow wp-block-group-is-layout-flow\">\n<h1 class=\"has-text-align-center wp-block-heading\">Gepr\u00fcfte Qualit\u00e4t aus Bayern,\u00a0auf die man sich verlassen kann<\/h1>\n\n\n\n<hr class=\"wp-block-separator is-style-default-center\"\/>\n\n\n\n<p class=\"has-text-align-center\">Als erster Betrieb im Freistaat verwenden wir ausschlie\u00dflich Kartoffeln, die mit dem Qualit\u00e4tssiegel \u201eGepr\u00fcfte Qualit\u00e4t \u2013 Bayern\u201c ausgezeichnet sind. Damit erf\u00fcllen unsere Kn\u00f6delspezialit\u00e4ten nicht nur die Anspr\u00fcche unserer Kunden auf hochwertige Lebensmittel und Transparenz bei der Erzeugung. Sie \u00fcbertreffen sie sogar. Denn alle Produkte aus diesem bayerischen Programm erf\u00fcllen Anforderungen, die deutlich \u00fcber den gesetzlichen Vorgaben liegen.<\/p>\n\n\n\n<center><iframe loading=\"lazy\" src=\"https:\/\/www.youtube-nocookie.com\/embed\/BtdpAagGB-0\" allow=\"accelerometer; autoplay; clipboard-write; encrypted-media; gyroscope; picture-in-picture\" allowfullscreen=\"\" width=\"560\" height=\"315\" frameborder=\"0\"><\/iframe><\/center>\n<\/div><\/div>\n\n\n\n<div style=\"height:40px\" aria-hidden=\"true\" class=\"wp-block-spacer\"><\/div>\n\n\n\n<h3 class=\"has-blue-color has-text-color wp-block-heading\">Die Zahlen zum Programm<\/h3>\n\n\n\n<hr class=\"wp-block-separator is-style-default-left\"\/>\n\n\n\n<ul class=\"wp-block-list\"><li>Die EU-Kommission genehmigte \u201eGepr\u00fcfte Qualit\u00e4t \u2013 Bayern\u201c Anfang 2002.<\/li><li>Inzwischen umfasst das Qualit\u00e4tsprogramm bereits 28 Produktbereiche \u2013 darunter alle Burgis-Kartoffelprodukte.<\/li><\/ul>\n\n\n\n<div style=\"height:38px\" aria-hidden=\"true\" class=\"wp-block-spacer\"><\/div>\n\n\n\n<div class=\"wp-block-columns is-layout-flex wp-container-core-columns-is-layout-9d6595d7 wp-block-columns-is-layout-flex\">\n<div class=\"wp-block-column is-layout-flow wp-block-column-is-layout-flow\">\n<h3 class=\"wp-block-heading\">Dreistufiges Kontrollprogramm f\u00fcr h\u00f6chste Qualit\u00e4tsanspr\u00fcche<\/h3>\n\n\n\n<hr class=\"wp-block-separator is-style-default-left\"\/>\n\n\n\n<p>Mit dem dreistufigen Kontrollsystem bieten die ausgezeichneten Burgis-Kn\u00f6delprodukte Verl\u00e4sslichkeit und Transparenz auf allen Stufen der Erzeugung und des Handels \u2013 von unseren Vertragsbauern bis zu Ihnen nach Hause.<\/p>\n\n\n\n<p><strong>Im Einzelnen sind dies:<\/strong><\/p>\n\n\n\n<ul class=\"wp-block-list\"><li>Eigenkontrolle und interne Kontrollen<\/li><li>Externe, neutrale Kontrollen<\/li><li>Staatliche Kontrolle der Kontrollen<\/li><\/ul>\n<\/div>\n\n\n\n<div class=\"wp-block-column is-layout-flow wp-block-column-is-layout-flow\">\n<h3 class=\"wp-block-heading\">Regionale Rohstoffe schaffen maximales Vertrauen<\/h3>\n\n\n\n<hr class=\"wp-block-separator is-style-default-left\"\/>\n\n\n\n<p>Der regionale Herkunftsbezug gew\u00e4hrleistet, dass die Produkte in Bayern erzeugt und hergestellt werden. Diese Transparenz schafft Vertrauen.<\/p>\n\n\n\n<p><strong>Weitere Vorteile:<\/strong><\/p>\n\n\n\n<ul class=\"wp-block-list\"><li>Bessere Marktchancen und mehr Sicherheit f\u00fcr landwirtschaftliche Betriebe.<\/li><li>Die Produktion und der Verbrauch der Lebensmittel bleiben in der Region.<\/li><li>Kurze Wege zwischen Erzeugung und Verbrauch.<\/li><li>Produkte kommen besonders frisch auf den Tisch.<\/li><li>Schonender Transport durch geringere Distanzen.<\/li><li>Verbraucher k\u00f6nnen direkt zur Schonung unserer nat\u00fcrlichen Ressourcen, zum Schutz unserer Umwelt und zum Erhalt unserer bayerischen Kulturlandschaft beitragen.<\/li><\/ul>\n<\/div>\n<\/div>","protected":false},"excerpt":{"rendered":"<p>Gepr\u00fcfte Qualit\u00e4t aus Bayern,\u00a0auf die man sich verlassen kann Als erster Betrieb im Freistaat verwenden wir ausschlie\u00dflich Kartoffeln, die mit dem Qualit\u00e4tssiegel \u201eGepr\u00fcfte Qualit\u00e4t \u2013 Bayern\u201c ausgezeichnet sind. Damit erf\u00fcllen unsere Kn\u00f6delspezialit\u00e4ten nicht nur die Anspr\u00fcche unserer Kunden auf hochwertige Lebensmittel und Transparenz bei der Erzeugung. Sie \u00fcbertreffen sie sogar. Denn alle Produkte aus diesem [&hellip;]<\/p>","protected":false},"author":19,"featured_media":0,"parent":0,"menu_order":0,"comment_status":"closed","ping_status":"closed","template":"page-blank.php","meta":{"_acf_changed":false,"_seopress_robots_primary_cat":"","_seopress_titles_title":"","_seopress_titles_desc":"Burgis steht f\u00fcr gepr\u00fcfte Qualit\u00e4t aus Bayern: regionale Rohstoffe, transparente Erzeugung und h\u00f6chste Standards. Jetzt mehr erfahren!","_seopress_robots_index":"","footnotes":""},"class_list":["post-282","page","type-page","status-publish","hentry"],"acf":[],"_links":{"self":[{"href":"https:\/\/burgis.de\/gv\/wp-json\/wp\/v2\/pages\/282","targetHints":{"allow":["GET"]}}],"collection":[{"href":"https:\/\/burgis.de\/gv\/wp-json\/wp\/v2\/pages"}],"about":[{"href":"https:\/\/burgis.de\/gv\/wp-json\/wp\/v2\/types\/page"}],"author":[{"embeddable":true,"href":"https:\/\/burgis.de\/gv\/wp-json\/wp\/v2\/users\/19"}],"replies":[{"embeddable":true,"href":"https:\/\/burgis.de\/gv\/wp-json\/wp\/v2\/comments?post=282"}],"version-history":[{"count":3,"href":"https:\/\/burgis.de\/gv\/wp-json\/wp\/v2\/pages\/282\/revisions"}],"predecessor-version":[{"id":1594,"href":"https:\/\/burgis.de\/gv\/wp-json\/wp\/v2\/pages\/282\/revisions\/1594"}],"wp:attachment":[{"href":"https:\/\/burgis.de\/gv\/wp-json\/wp\/v2\/media?parent=282"}],"curies":[{"name":"wp","href":"https:\/\/api.w.org\/{rel}","templated":true}]}}