{"id":285,"date":"2022-03-07T13:47:47","date_gmt":"2022-03-07T12:47:47","guid":{"rendered":"https:\/\/burgis.de\/gv\/?page_id=285"},"modified":"2024-10-02T11:16:16","modified_gmt":"2024-10-02T09:16:16","slug":"partnerlandwirte","status":"publish","type":"page","link":"https:\/\/burgis.de\/gv\/partnerlandwirte\/","title":{"rendered":"Partnerlandwirte"},"content":{"rendered":"<div class=\"wp-block-cover alignfull is-light has-parallax\" style=\"min-height:550px;aspect-ratio:unset;\"><span aria-hidden=\"true\" class=\"wp-block-cover__background has-background-dim-0 has-background-dim\"><\/span><div class=\"wp-block-cover__image-background wp-image-50819 has-parallax\" style=\"background-position:50% 50%;background-image:url(https:\/\/burgis.de\/app\/uploads\/2020\/12\/Landwirt_mit_Burgerkindern_02.jpg)\"><\/div><div class=\"wp-block-cover__inner-container is-layout-flow wp-block-cover-is-layout-flow\">\n<p class=\"has-text-align-center has-large-font-size\"><\/p>\n<\/div><\/div>\n\n\n\n<div class=\"wp-block-group is-style-boxed-shadow mi-negative-top-10 has-white-background-color has-background\"><div class=\"wp-block-group__inner-container is-layout-flow wp-block-group-is-layout-flow\">\n<h1 class=\"wp-block-heading has-text-align-center\">Partnerlandwirte<\/h1>\n\n\n\n<hr class=\"wp-block-separator has-css-opacity is-style-default-center\" \/>\n\n\n\n<p class=\"has-text-align-center\"><strong>Die treuesten Bauern haben die besten Kartoffeln<\/strong><\/p>\n\n\n\n<p class=\"has-text-align-center\">Burgis arbeitet mit dem Gro\u00dfteil der Lieferanten bereits in der zweiten Generation zusammen. Durch regelm\u00e4\u00dfige Besichtigung der Feldbest\u00e4nde und der Lager- und Sortiereinrichtungen vor Ort wird diese Zusammenarbeit noch vertieft. Burgis eigener Vertragskartoffelanbau garantiert die Verwendung sortenreiner und hochwertiger Kartoffeln. Auf insgesamt \u00fcber 700 Hektar \u2013 das entspricht etwa 1.000 Fu\u00dfballfeldern \u2013 werden 26.000 Tonnen Kartoffeln angepflanzt.<\/p>\n<\/div><\/div>\n\n\n\n<div style=\"height:50px\" aria-hidden=\"true\" class=\"wp-block-spacer\"><\/div>\n\n\n\n<div class=\"wp-block-group alignfull has-green-background-color has-background\"><div class=\"wp-block-group__inner-container is-layout-flow wp-block-group-is-layout-flow\">\n<div style=\"height:52px\" aria-hidden=\"true\" class=\"wp-block-spacer\"><\/div>\n\n\n\n<div class=\"wp-block-columns is-layout-flex wp-container-core-columns-is-layout-9d6595d7 wp-block-columns-is-layout-flex\">\n<div class=\"wp-block-column is-layout-flow wp-block-column-is-layout-flow\">\n<figure class=\"wp-block-image size-large is-style-boxed-shadow\"><img decoding=\"async\" src=\"https:\/\/burgis.de\/app\/uploads\/2020\/12\/Feldbesichtigungen2-1024x683.jpg\" alt=\"Burgis Feldbesichtigung\" class=\"wp-image-50816\" \/><\/figure>\n<\/div>\n\n\n\n<div class=\"wp-block-column is-layout-flow wp-block-column-is-layout-flow\">\n<h2 class=\"wp-block-heading\">Die Erzeugergemeinschaften \u2013<br>regionale Qualit\u00e4t auf <br>der sicheren Seite<\/h2>\n\n\n\n<hr class=\"wp-block-separator has-css-opacity is-style-default-left\" \/>\n\n\n\n<p>Burgis verarbeitet f\u00fcr seine Produkte ausschlie\u00dflich Kartoffeln aus der Region. Um den st\u00e4ndigen Nachschub dieses hochwertigen Rohstoffs nachhaltig zu gew\u00e4hrleisten und gleichzeitig bei den Landwirten f\u00fcr langfristige Planungs- und Investitionssicherheit zu sorgen, wurden bereits vor Jahrzehnten Erzeugergemeinschaften (kurz: EGs) gegr\u00fcndet. Aktuell beheimaten die seit 1987 bestehende EG Neumarkt und die 1989 gegr\u00fcndete EG Stulln 67 Landwirte.<\/p>\n<\/div>\n<\/div>\n\n\n\n<p><\/p>\n<\/div><\/div>\n\n\n\n<div style=\"height:52px\" aria-hidden=\"true\" class=\"wp-block-spacer\"><\/div>\n\n\n\n<div class=\"wp-block-group is-style-boxed-shadow\"><div class=\"wp-block-group__inner-container is-layout-flow wp-block-group-is-layout-flow\">\n<h3 class=\"wp-block-heading\">Wir lassen unsere <br>Landwirte nie allein<\/h3>\n\n\n\n<hr class=\"wp-block-separator has-css-opacity is-style-default-left\" \/>\n\n\n\n<p>Wer wie Burgis Produkte h\u00f6chster Qualit\u00e4t fordert, muss sich auch pers\u00f6nlich darum k\u00fcmmern. Deshalb besuchen wir unsere Partnerlandwirte zwei Mal pro Jahr, um deren Felder zu inspizieren und Ma\u00dfnahmen f\u00fcr Verbesserungen einzuleiten. Die Besprechung der Themen D\u00fcnger und Pflanzenschutz sind dabei ebenso Bestandteil des Besuchs wie die genaue Ermittlung des Ertrags jeder einzelnen Pflanze. Dar\u00fcber hinaus finden Jahreshauptversammlungen statt, und jeder Landwirt hat einen festen Burgis-Ansprechpartner, der ihm jederzeit zur Verf\u00fcgung steht. Au\u00dferdem wurde das Burgis-Kartoffelanbauseminar, das j\u00e4hrlich in den Wintermonaten stattfindet, eingef\u00fchrt.<\/p>\n\n\n\n<p>Andre Nadler: \u201eJe besser die Kartoffel, desto besser schmeckt auch der Klo\u00df!\u201c Andre Nadler wei\u00df wovon er spricht, wenn er mal wieder einen der vielen Partnerlandwirte von Burgis einen Besuch abstattet. Dass eine herausragende Lebensmittelqualit\u00e4t ihren Ursprung bereits schon in der Landwirtschaft hat, konnte sich Andre Nadler schon w\u00e4hrend seines Lebensmittelmanagement Studiums an der Hochschule Weihenstephan verinnerlichen. Seit 2014 betreut er den Burgis Vertragsanbau, immer im Hinterkopf dabei eine m\u00f6glichst soziale, \u00f6kologische und nachhaltige Herstellung von Lebensmitteln. Natur und Umwelt m\u00f6glichst wenig zu beeinflussen und trotzdem eine perfekte Kartoffel zu haben, um unsere leckeren Kn\u00f6del zu produzieren, so lautet die oberste Pr\u00e4misse von Andre Nadler und unseren Partnerlandwirten. Denn alles was bereits w\u00e4hrend der landwirtschaftlichen Erzeugung am Feld passiert, beeinflusst auch was am Ende auf dem Teller landet und was wir essen.<\/p>\n\n\n\n<p>Und weil auch der Landwirt nie genug lernen kann, findet zus\u00e4tzlich eine laufende Betreuung durch das Landeskuratorium f\u00fcr pflanzliche Erzeugung in Bayern e.V. (LKP) statt. Zudem k\u00f6nnen sich die Landwirte in der Burgis-Kartoffelbauer-WhatsApp-Gruppe \u00fcber aktuelle Probleme austauschen und vernetzen. Fachlich wird die Gruppe von Andre Nadler, Burgis, und Karl Gr\u00f6schl, Firma N.U. Agrar, geleitet. Sie beantworten fachlich fundiert die Fragen der Landwirte und erm\u00f6glichen einen zeitnahen und unkomplizierten Austausch.<\/p>\n\n\n\n<p><strong>M\u00f6chten auch Sie Partnerlandwirt werden? Dann nehmen Sie gerne Kontakt mit uns auf.<\/strong><\/p>\n<\/div><\/div>","protected":false},"excerpt":{"rendered":"<p>Partnerlandwirte Die treuesten Bauern haben die besten Kartoffeln Burgis arbeitet mit dem Gro\u00dfteil der Lieferanten bereits in der zweiten Generation zusammen. Durch regelm\u00e4\u00dfige Besichtigung der Feldbest\u00e4nde und der Lager- und Sortiereinrichtungen vor Ort wird diese Zusammenarbeit noch vertieft. Burgis eigener Vertragskartoffelanbau garantiert die Verwendung sortenreiner und hochwertiger Kartoffeln. Auf insgesamt \u00fcber 700 Hektar \u2013 das [&hellip;]<\/p>","protected":false},"author":19,"featured_media":0,"parent":0,"menu_order":0,"comment_status":"closed","ping_status":"closed","template":"page-blank.php","meta":{"_acf_changed":false,"_seopress_robots_primary_cat":"","_seopress_titles_title":"","_seopress_titles_desc":"Burgis arbeitet mit regionalen Landwirten zusammen, um hochwertige Kartoffeln f\u00fcr ihre Kn\u00f6del zu produzieren. Nachhaltigkeit und Qualit\u00e4t stehen dabei im Fokus.","_seopress_robots_index":"","footnotes":""},"class_list":["post-285","page","type-page","status-publish","hentry"],"acf":[],"_links":{"self":[{"href":"https:\/\/burgis.de\/gv\/wp-json\/wp\/v2\/pages\/285","targetHints":{"allow":["GET"]}}],"collection":[{"href":"https:\/\/burgis.de\/gv\/wp-json\/wp\/v2\/pages"}],"about":[{"href":"https:\/\/burgis.de\/gv\/wp-json\/wp\/v2\/types\/page"}],"author":[{"embeddable":true,"href":"https:\/\/burgis.de\/gv\/wp-json\/wp\/v2\/users\/19"}],"replies":[{"embeddable":true,"href":"https:\/\/burgis.de\/gv\/wp-json\/wp\/v2\/comments?post=285"}],"version-history":[{"count":4,"href":"https:\/\/burgis.de\/gv\/wp-json\/wp\/v2\/pages\/285\/revisions"}],"predecessor-version":[{"id":1645,"href":"https:\/\/burgis.de\/gv\/wp-json\/wp\/v2\/pages\/285\/revisions\/1645"}],"wp:attachment":[{"href":"https:\/\/burgis.de\/gv\/wp-json\/wp\/v2\/media?parent=285"}],"curies":[{"name":"wp","href":"https:\/\/api.w.org\/{rel}","templated":true}]}}