{"id":355,"date":"2022-03-23T14:03:51","date_gmt":"2022-03-23T13:03:51","guid":{"rendered":"https:\/\/burgis.de\/gv\/?page_id=355"},"modified":"2025-09-03T10:59:23","modified_gmt":"2025-09-03T08:59:23","slug":"kontakt","status":"publish","type":"page","link":"https:\/\/burgis.de\/gv\/kontakt\/","title":{"rendered":"Kontakt"},"content":{"rendered":"","protected":false},"excerpt":{"rendered":"","protected":false},"author":20,"featured_media":0,"parent":0,"menu_order":0,"comment_status":"closed","ping_status":"closed","template":"kontakt-template.php","meta":{"_acf_changed":false,"_seopress_robots_primary_cat":"","_seopress_titles_title":"Kontakt f\u00fcr Gro\u00dfverbraucher - Burgis GmbH","_seopress_titles_desc":"Erfahren Sie mehr \u00fcber unsere ma\u00dfgeschneiderten L\u00f6sungen f\u00fcr Gro\u00dfverbraucher. Kontaktieren Sie uns jetzt!","_seopress_robots_index":"","footnotes":""},"class_list":["post-355","page","type-page","status-publish","hentry"],"acf":[],"_links":{"self":[{"href":"https:\/\/burgis.de\/gv\/wp-json\/wp\/v2\/pages\/355","targetHints":{"allow":["GET"]}}],"collection":[{"href":"https:\/\/burgis.de\/gv\/wp-json\/wp\/v2\/pages"}],"about":[{"href":"https:\/\/burgis.de\/gv\/wp-json\/wp\/v2\/types\/page"}],"author":[{"embeddable":true,"href":"https:\/\/burgis.de\/gv\/wp-json\/wp\/v2\/users\/20"}],"replies":[{"embeddable":true,"href":"https:\/\/burgis.de\/gv\/wp-json\/wp\/v2\/comments?post=355"}],"version-history":[{"count":63,"href":"https:\/\/burgis.de\/gv\/wp-json\/wp\/v2\/pages\/355\/revisions"}],"predecessor-version":[{"id":1972,"href":"https:\/\/burgis.de\/gv\/wp-json\/wp\/v2\/pages\/355\/revisions\/1972"}],"wp:attachment":[{"href":"https:\/\/burgis.de\/gv\/wp-json\/wp\/v2\/media?parent=355"}],"curies":[{"name":"wp","href":"https:\/\/api.w.org\/{rel}","templated":true}]}}