{"id":358,"date":"2022-03-25T16:00:24","date_gmt":"2022-03-25T15:00:24","guid":{"rendered":"https:\/\/burgis.de\/gv\/?page_id=358"},"modified":"2025-05-02T02:03:27","modified_gmt":"2025-05-02T00:03:27","slug":"historie","status":"publish","type":"page","link":"https:\/\/burgis.de\/gv\/historie\/","title":{"rendered":"Historie"},"content":{"rendered":"","protected":false},"excerpt":{"rendered":"","protected":false},"author":19,"featured_media":0,"parent":0,"menu_order":0,"comment_status":"closed","ping_status":"closed","template":"timeline-template.php","meta":{"_acf_changed":false,"_seopress_robots_primary_cat":"","_seopress_titles_title":"Historie | Burgis","_seopress_titles_desc":"Wir schreiben das Jahr 1929 - ja, soweit f\u00fchrt uns die Historie von Burgis zur\u00fcck. Jetzt alles \u00fcber die Anf\u00e4nge und Entwicklungen der Kn\u00f6delliebe lesen.","_seopress_robots_index":"","footnotes":""},"class_list":["post-358","page","type-page","status-publish","hentry"],"acf":[],"_links":{"self":[{"href":"https:\/\/burgis.de\/gv\/wp-json\/wp\/v2\/pages\/358","targetHints":{"allow":["GET"]}}],"collection":[{"href":"https:\/\/burgis.de\/gv\/wp-json\/wp\/v2\/pages"}],"about":[{"href":"https:\/\/burgis.de\/gv\/wp-json\/wp\/v2\/types\/page"}],"author":[{"embeddable":true,"href":"https:\/\/burgis.de\/gv\/wp-json\/wp\/v2\/users\/19"}],"replies":[{"embeddable":true,"href":"https:\/\/burgis.de\/gv\/wp-json\/wp\/v2\/comments?post=358"}],"version-history":[{"count":24,"href":"https:\/\/burgis.de\/gv\/wp-json\/wp\/v2\/pages\/358\/revisions"}],"predecessor-version":[{"id":1839,"href":"https:\/\/burgis.de\/gv\/wp-json\/wp\/v2\/pages\/358\/revisions\/1839"}],"wp:attachment":[{"href":"https:\/\/burgis.de\/gv\/wp-json\/wp\/v2\/media?parent=358"}],"curies":[{"name":"wp","href":"https:\/\/api.w.org\/{rel}","templated":true}]}}