{"id":411,"date":"2022-03-25T15:49:48","date_gmt":"2022-03-25T14:49:48","guid":{"rendered":"https:\/\/burgis.de\/gv\/?page_id=411"},"modified":"2024-10-02T13:06:07","modified_gmt":"2024-10-02T11:06:07","slug":"mission-vision","status":"publish","type":"page","link":"https:\/\/burgis.de\/gv\/mission-vision\/","title":{"rendered":"Mission &amp; Vision"},"content":{"rendered":"<div class=\"wp-block-cover alignfull is-light has-parallax has-custom-content-position is-position-top-center\" style=\"min-height:550px;aspect-ratio:unset;\"><span aria-hidden=\"true\" class=\"wp-block-cover__background has-background-dim-0 has-background-dim\"><\/span><div class=\"wp-block-cover__image-background wp-image-67806 has-parallax\" style=\"background-position:50% 50%;background-image:url(https:\/\/burgis.de\/app\/uploads\/2021\/05\/Mission-vision.jpg)\"><\/div><div class=\"wp-block-cover__inner-container is-layout-flow wp-block-cover-is-layout-flow\">\n<p class=\"has-text-align-center has-large-font-size\"><\/p>\n<\/div><\/div>\n\n\n\n<div class=\"wp-block-group is-style-boxed-shadow mi-negative-top-10 has-white-background-color has-background\"><div class=\"wp-block-group__inner-container is-layout-flow wp-block-group-is-layout-flow\">\n<h1 class=\"wp-block-heading has-text-align-center\">Die besten Kn\u00f6del f\u00fcr Ihren Sonntagsmoment \u2013 auch am Dienstag<\/h1>\n\n\n\n<hr class=\"wp-block-separator has-css-opacity is-style-default-center\" \/>\n\n\n\n<p class=\"has-white-background-color has-background\">Es ist Liebe. Kn\u00f6delliebe. Man schmeckt sie in jedem unserer Kn\u00f6del \u2013 von Neumarkt bis nach Hamburg, denn \u00fcberall dort werden unsere Kn\u00f6del gegessen. Wir sind der Kn\u00f6delspezialist Burgis, ein heimatverbundenes Familienunternehmen aus der Oberpfalz. Auf den ersten Blick sind wir sehr traditionell, auf den zweiten Blick geht\u2019s bei uns immer richtig rund. Umtriebig sind wir \u2013 im besten Sinne des Wortes, denn wir haben kein geringeres Ziel, als unseren Kunden mit unseren Kn\u00f6deln t\u00e4glich einen Sonntagsmoment zu bescheren. Daf\u00fcr feilt unsere Kn\u00f6delcrew st\u00e4ndig an den Innovationen. Wir bleiben nie stehen, sondern rollen mit unseren Kn\u00f6deln nach vorn. Des san mia. Bayerisch, bodenst\u00e4ndig und mit dem Herz am rechten Fleck. Das sp\u00fcren unsere Kunden, Mitarbeiter, Lieferanten und Partner und geben es uns mit vollstem Vertrauen zur\u00fcck \u2013 das macht uns gl\u00fccklich und stolz. Trotzdem h\u00e4ngen wir nicht mit dem Kopf in den Wolken, sondern stehen mit beiden Beinen fest auf dem Acker. Unsere Umwelt bringt die besonderen Rohstoffe hervor, die wir zu besten Kn\u00f6deln veredeln. Das wissen wir zu sch\u00e4tzen und verhalten uns auch so. Es ist Liebe. Und zwar die ganz gro\u00dfe.<\/p>\n<\/div><\/div>\n\n\n\n<div style=\"height:100px\" aria-hidden=\"true\" class=\"wp-block-spacer\"><\/div>\n\n\n\n<div class=\"wp-block-group alignfull has-green-background-color has-background\"><div class=\"wp-block-group__inner-container is-layout-flow wp-block-group-is-layout-flow\">\n<div style=\"height:30px\" aria-hidden=\"true\" class=\"wp-block-spacer\"><\/div>\n\n\n\n<div class=\"wp-block-columns is-layout-flex wp-container-core-columns-is-layout-9d6595d7 wp-block-columns-is-layout-flex\">\n<div class=\"wp-block-column is-layout-flow wp-block-column-is-layout-flow\" style=\"flex-basis:50%\"><div class=\"wp-block-image is-resized is-style-boxed-shadow\">\n<figure class=\"aligncenter size-large\"><img decoding=\"async\" src=\"https:\/\/burgis.de\/app\/uploads\/2021\/03\/Oma-619x1024-1.jpg\" alt=\"Oma Burgis\" class=\"wp-image-66513\" \/><\/figure><\/div><\/div>\n\n\n\n<div class=\"wp-block-column is-layout-flow wp-block-column-is-layout-flow\" style=\"flex-basis:33.33%\">\n<h2 class=\"wp-block-heading\">Dank Oma innovativ<\/h2>\n\n\n\n<hr class=\"wp-block-separator has-css-opacity is-style-default-left\" \/>\n\n\n\n<p>Bei Burgis gibt\u2019s ehrliche Kn\u00f6delprodukte aus regionalen Rohstoffen vom Familienbetrieb \u2013 so schaut\u2019s aus! Die Inhaberfamilien rund um Christina Dietmayr und Timo Burger stehen mit vollem Einsatz hinter dem Unternehmen. Sie sind Kn\u00f6delspezialisten aus Leidenschaft und nicht nur, weil schon die Gro\u00dfmutter die guaden Kn\u00f6del rollte. Na ja, vielleicht doch a bissl. Pfiffig und clever hat sie damals den ersten halb fertigen Kn\u00f6delteig etabliert. Innovativ und einfallsreich seit den Kinderschuhen mit einem ganz besonderen Charme, so ist Burgis auch heute noch. Die Folge: Langeweile sucht man beim Neumarkter Unternehmen vergeblich. Ob Foodtruck, Messen, Bloggerevent oder YouTube-Channel \u2013 Burgis packt\u2019s an und ist vorn mit dabei. Ned redn, sondern machn.<\/p>\n<\/div>\n<\/div>\n\n\n\n<div style=\"height:30px\" aria-hidden=\"true\" class=\"wp-block-spacer\"><\/div>\n<\/div><\/div>\n\n\n\n<div style=\"height:49px\" aria-hidden=\"true\" class=\"wp-block-spacer\"><\/div>\n\n\n\n<h2 class=\"wp-block-heading has-blue-color has-text-color\">Ehrlich k\u00f6nnen wir\u2019s<\/h2>\n\n\n\n<p>Als Kn\u00f6delspezialist setzen wir auf nachhaltig angebaute Rohstoffe aus der heimischen Landwirtschaft. Unsere regionalen und gentechnisch unver\u00e4nderten Kartoffeln f\u00fcr die Herstellung unserer Kartoffelkn\u00f6dellinie entsprechen den strengen Richtlinien des Programms \u201eGepr\u00fcfte Qualit\u00e4t &#8211; Bayern\u201c. Da verstehen wir keinen Spa\u00df, und unsere langj\u00e4hrigen Partnerlandwirte auch nicht. Man sch\u00fctzt, was man liebt. F\u00fcr uns gibt\u2019s bei der Qualit\u00e4t keine Kompromisse. Punkt. Sie ist die Voraussetzung f\u00fcr leckere, herausragende und schnell zuzubereitende Produkte. Der bayerischste aller Kn\u00f6del sorgt nicht nur dahoam f\u00fcr unvergessliche Genussmomente, sondern auch auf dem Oktoberfest, in Spitzenrestaurants und der Gemeinschaftsverpflegung.<\/p>\n\n\n\n<h2 class=\"wp-block-heading has-blue-color has-text-color\">Kn\u00f6delliebe 2.0<\/h2>\n\n\n\n<p>Wir bleiben unserer Heimat treu. Das ist so sicher wie die Gans mit Kn\u00f6deln an Weihnachten. Jedoch wollen wir auch zukunftsf\u00e4hig und unabh\u00e4ngig bleiben. Die L\u00f6sung: Ein Neubau mit allen technischen Raffinessen f\u00fcr beste Kn\u00f6del an einem perfekten Standort in Neumarkt. So k\u00f6nnen wir weiterhin den stetig steigenden Anforderungen der Lebensmittelsicherheit und Nachverfolgbarkeit entsprechen. Als Innovationsf\u00fchrer f\u00fcr Kn\u00f6delspezialit\u00e4ten ist das f\u00fcr uns ein absolutes Muss. Durch die Erweiterung der Produktion entstehen neue Arbeitspl\u00e4tze, und die Zusammenarbeit mit den regionalen Landwirten wird ausgebaut. Neudeutsch sagt man dazu wohl Win-win-Situation. Langweilig wird\u2018s bei uns also auch in Zukunft nicht. Wir freuen uns!<\/p>\n\n\n\n<figure class=\"wp-block-image\"><img decoding=\"async\" src=\"https:\/\/burgis.de\/app\/uploads\/sites\/2\/2022\/03\/burgis-neubau-2017.jpg\" alt=\"Die Gesch\u00e4ftsf\u00fchrer vor dem Neubau\" class=\"wp-image-1335\" \/><\/figure>\n\n\n\n<p><\/p>","protected":false},"excerpt":{"rendered":"<p>Die besten Kn\u00f6del f\u00fcr Ihren Sonntagsmoment \u2013 auch am Dienstag Es ist Liebe. Kn\u00f6delliebe. Man schmeckt sie in jedem unserer Kn\u00f6del \u2013 von Neumarkt bis nach Hamburg, denn \u00fcberall dort werden unsere Kn\u00f6del gegessen. Wir sind der Kn\u00f6delspezialist Burgis, ein heimatverbundenes Familienunternehmen aus der Oberpfalz. Auf den ersten Blick sind wir sehr traditionell, auf den [&hellip;]<\/p>","protected":false},"author":68,"featured_media":0,"parent":0,"menu_order":0,"comment_status":"closed","ping_status":"closed","template":"page-blank.php","meta":{"_acf_changed":false,"_seopress_robots_primary_cat":"","_seopress_titles_title":"Mission & Vision | Burgis","_seopress_titles_desc":"Es ist Liebe. Kn\u00f6delliebe. Man schmeckt sie in jedem unserer Kn\u00f6del \u2013 von Neumarkt bis nach Hamburg, denn \u00fcberall dort werden unsere Kn\u00f6del gegessen.","_seopress_robots_index":"","footnotes":""},"class_list":["post-411","page","type-page","status-publish","hentry"],"acf":[],"_links":{"self":[{"href":"https:\/\/burgis.de\/gv\/wp-json\/wp\/v2\/pages\/411","targetHints":{"allow":["GET"]}}],"collection":[{"href":"https:\/\/burgis.de\/gv\/wp-json\/wp\/v2\/pages"}],"about":[{"href":"https:\/\/burgis.de\/gv\/wp-json\/wp\/v2\/types\/page"}],"author":[{"embeddable":true,"href":"https:\/\/burgis.de\/gv\/wp-json\/wp\/v2\/users\/68"}],"replies":[{"embeddable":true,"href":"https:\/\/burgis.de\/gv\/wp-json\/wp\/v2\/comments?post=411"}],"version-history":[{"count":9,"href":"https:\/\/burgis.de\/gv\/wp-json\/wp\/v2\/pages\/411\/revisions"}],"predecessor-version":[{"id":1654,"href":"https:\/\/burgis.de\/gv\/wp-json\/wp\/v2\/pages\/411\/revisions\/1654"}],"wp:attachment":[{"href":"https:\/\/burgis.de\/gv\/wp-json\/wp\/v2\/media?parent=411"}],"curies":[{"name":"wp","href":"https:\/\/api.w.org\/{rel}","templated":true}]}}