{"id":450,"date":"2022-03-25T16:33:47","date_gmt":"2022-03-25T15:33:47","guid":{"rendered":"https:\/\/burgis.de\/gv\/?page_id=450"},"modified":"2022-05-31T08:55:04","modified_gmt":"2022-05-31T06:55:04","slug":"engagement","status":"publish","type":"page","link":"https:\/\/burgis.de\/gv\/engagement\/","title":{"rendered":"Engagement"},"content":{"rendered":"<div class=\"wp-block-cover alignfull is-light has-parallax\" style=\"background-image:url(https:\/\/burgis.de\/app\/uploads\/2021\/03\/Kartoffel-Feld.jpg);min-height:550px;aspect-ratio:unset;\"><span aria-hidden=\"true\" class=\"has-background-dim-0 wp-block-cover__gradient-background has-background-dim\"><\/span><div class=\"wp-block-cover__inner-container is-layout-flow wp-block-cover-is-layout-flow\">\n<p class=\"has-text-align-center has-large-font-size\"><\/p>\n<\/div><\/div>\n\n\n\n<div class=\"wp-block-group is-style-boxed-shadow mi-negative-top-10 has-white-background-color has-background\"><div class=\"wp-block-group__inner-container is-layout-flow wp-block-group-is-layout-flow\">\n<h1 class=\"has-text-align-center wp-block-heading\">Nachhaltigkeit<\/h1>\n\n\n\n<hr class=\"wp-block-separator is-style-default-center\"\/>\n\n\n\n<p class=\"has-text-align-center\"><strong>Das bedeutet f\u00fcr uns eine ausgewogene Verbindung aus Umweltschutz, wirtschaftlicher Tragf\u00e4higkeit, \u00f6kologischer Dauerhaftigkeit und sozialer Gerechtigkeit.<\/strong><\/p>\n\n\n\n<p class=\"has-text-align-center\">Verantwortungsvolles zukunftsorientiertes Handeln gegen\u00fcber der Umwelt und den Mitmenschen beginnt bei Burgis bereits vor dem Kartoffelanbau und endet nicht bei der Produktion. Nachhaltigkeit ist vielmehr Unternehmensphilosophie und geht weit \u00fcber die Tore unseres Betriebes hinaus.<\/p>\n<\/div><\/div>\n\n\n\n<div style=\"height:50px\" aria-hidden=\"true\" class=\"wp-block-spacer\"><\/div>\n\n\n\n<h3 class=\"has-blue-color has-text-color wp-block-heading\">Wir machen\u2019s konkret: Unser gr\u00fcner <br>Faden durchs Unternehmen<\/h3>\n\n\n\n<hr class=\"wp-block-separator is-style-default-left\"\/>\n\n\n\n<ul class=\"wp-block-list\"><li>Bau eines neuen B\u00fcro- und Produktionsgeb\u00e4udes: KfW-Effizienzhaus 55 unter anderem inklusive moderner Kartoffelsch\u00e4lanlage mit weniger Sch\u00e4labfall und besserer Energieeffizienz, ressourcensparenden Koch- und K\u00fchltechniken und Photovoltaikanlage.<\/li><li>Photovoltaikanlage auf unserem Kartoffellager in M\u00fchlhausen.<\/li><li>Wassereinsparungen durch die Wiederaufbereitung des Produktionswassers.<\/li><li>W\u00e4rmer\u00fcckgewinnung: Nutzen der Abw\u00e4rme unserer Anlagen zum Beheizen von R\u00e4umlichkeiten.<\/li><li>R\u00fcckf\u00fchrung anfallender organischer Substanzen in den landwirtschaftlichen Kreislauf, beispielsweise als Futtermittel.<\/li><li>Effiziente, hygienische und umweltgerechte Verpackungen sowie ein selbst entwickeltes Wickelsystem f\u00fcr die Anlieferungen von Kn\u00f6deln auf dem Oktoberfest, woraus Folieneinsparungen resultieren.<\/li><li>Zur Verringerung der Umweltbelastung im Stra\u00dfenverkehr und des CO2 Aussto\u00dfes werden nur zertifizierte Speditionen eingesetzt, in deren Fuhrpark \u201eEuro6-LKW\u00b4s\u201c zum Standard geh\u00f6ren.<\/li><\/ul>\n\n\n\n<div style=\"height:50px\" aria-hidden=\"true\" class=\"wp-block-spacer\"><\/div>\n\n\n\n<h3 class=\"has-blue-color has-text-color wp-block-heading\">Mit Wareneinsatz <br>setzen wir uns ein<\/h3>\n\n\n\n<hr class=\"wp-block-separator is-style-default-left\"\/>\n\n\n\n<p>Als Lebensmittel-Hersteller ist es f\u00fcr Burgis eine Selbstverst\u00e4ndlichkeit, gemeinn\u00fctzige Organisationen mit Warenspenden zu unterst\u00fctzen. Denn Essen h\u00e4lt nicht nur Leib und Seele zusammen, die t\u00e4gliche Mahlzeit ist schlicht \u00fcberlebenswichtig. Doch immer mehr Menschen k\u00f6nnen sich selbst diese nicht mehr leisten. Aus diesem Grunde unterst\u00fctzen wir verschiedene wohlt\u00e4tige Organisationen mit Warenspenden wie beispielsweise die Lebenshilfe H\u00f6henberg und den \u201eLeb-mit-Laden\u201c der Diakonie in Neumarkt. Auch im Sportsponsoring wie beim Stadtlauf in Neumarkt oder bei Reitsportveranstaltungen sind wir aktiv.<\/p>\n\n\n\n<p>Auf Wunsch senden wir den Nachhaltigkeitsbericht zu.<\/p>","protected":false},"excerpt":{"rendered":"<p>Nachhaltigkeit Das bedeutet f\u00fcr uns eine ausgewogene Verbindung aus Umweltschutz, wirtschaftlicher Tragf\u00e4higkeit, \u00f6kologischer Dauerhaftigkeit und sozialer Gerechtigkeit. Verantwortungsvolles zukunftsorientiertes Handeln gegen\u00fcber der Umwelt und den Mitmenschen beginnt bei Burgis bereits vor dem Kartoffelanbau und endet nicht bei der Produktion. Nachhaltigkeit ist vielmehr Unternehmensphilosophie und geht weit \u00fcber die Tore unseres Betriebes hinaus. Wir machen\u2019s konkret: [&hellip;]<\/p>","protected":false},"author":68,"featured_media":0,"parent":0,"menu_order":0,"comment_status":"closed","ping_status":"closed","template":"page-blank.php","meta":{"_acf_changed":false,"_seopress_robots_primary_cat":"","_seopress_titles_title":"Engagement &amp; Nachhaltigkeit | Burgis","_seopress_titles_desc":"Nachhaltigkeit als eine ausgewogene Verbindung aus Umweltschutz, wirtschaftlicher Tragf\u00e4higkeit, \u00f6kologischer Dauerhaftigkeit &amp; sozialer Gerechtigkeit.\r\n","_seopress_robots_index":"","footnotes":""},"class_list":["post-450","page","type-page","status-publish","hentry"],"acf":[],"_links":{"self":[{"href":"https:\/\/burgis.de\/gv\/wp-json\/wp\/v2\/pages\/450","targetHints":{"allow":["GET"]}}],"collection":[{"href":"https:\/\/burgis.de\/gv\/wp-json\/wp\/v2\/pages"}],"about":[{"href":"https:\/\/burgis.de\/gv\/wp-json\/wp\/v2\/types\/page"}],"author":[{"embeddable":true,"href":"https:\/\/burgis.de\/gv\/wp-json\/wp\/v2\/users\/68"}],"replies":[{"embeddable":true,"href":"https:\/\/burgis.de\/gv\/wp-json\/wp\/v2\/comments?post=450"}],"version-history":[{"count":3,"href":"https:\/\/burgis.de\/gv\/wp-json\/wp\/v2\/pages\/450\/revisions"}],"predecessor-version":[{"id":662,"href":"https:\/\/burgis.de\/gv\/wp-json\/wp\/v2\/pages\/450\/revisions\/662"}],"wp:attachment":[{"href":"https:\/\/burgis.de\/gv\/wp-json\/wp\/v2\/media?parent=450"}],"curies":[{"name":"wp","href":"https:\/\/api.w.org\/{rel}","templated":true}]}}