{"id":453,"date":"2022-03-25T16:37:06","date_gmt":"2022-03-25T15:37:06","guid":{"rendered":"https:\/\/burgis.de\/gv\/?page_id=453"},"modified":"2025-07-03T15:54:32","modified_gmt":"2025-07-03T13:54:32","slug":"partner","status":"publish","type":"page","link":"https:\/\/burgis.de\/gv\/partner\/","title":{"rendered":"Partner"},"content":{"rendered":"<div class=\"wp-block-cover alignfull is-light has-parallax\" style=\"min-height:550px;aspect-ratio:unset;\"><span aria-hidden=\"true\" class=\"wp-block-cover__background has-background-dim-0 has-background-dim\"><\/span><div class=\"wp-block-cover__image-background wp-image-66651 has-parallax\" style=\"background-position:50% 50%;background-image:url(https:\/\/burgis.de\/app\/uploads\/2021\/03\/Kartoffeln.jpg)\"><\/div><div class=\"wp-block-cover__inner-container is-layout-flow wp-block-cover-is-layout-flow\">\n<p class=\"has-text-align-center has-large-font-size\"><\/p>\n<\/div><\/div>\n\n\n\n<div class=\"wp-block-group is-style-boxed-shadow mi-negative-top-10 has-white-background-color has-background\"><div class=\"wp-block-group__inner-container is-layout-flow wp-block-group-is-layout-flow\">\n<h1 class=\"wp-block-heading has-text-align-center\">Echt starke Partner<\/h1>\n\n\n\n<hr class=\"wp-block-separator has-css-opacity is-style-default-center\"\/>\n\n\n\n<p class=\"has-text-align-center\">Als bodenst\u00e4ndiges Familienunternehmen ist es uns eine Herzensangelegenheit unsere Werte und unser Wissen nach au\u00dfen zu tragen. Ausgew\u00e4hlte Partnerschaften erm\u00f6glichen uns, gleichgesinnte Unternehmen und Projekte, mit deren Zielen wir uns identifizieren k\u00f6nnen, tatkr\u00e4ftig zu unterst\u00fctzen.<\/p>\n<\/div><\/div>\n\n\n\n<div style=\"height:50px\" aria-hidden=\"true\" class=\"wp-block-spacer\"><\/div>\n\n\n\n<div class=\"wp-block-media-text alignwide is-stacked-on-mobile\" style=\"grid-template-columns:30% auto\"><figure class=\"wp-block-media-text__media\"><img decoding=\"async\" src=\"https:\/\/burgis.de\/app\/uploads\/2021\/11\/logo-diakonie-2.jpg\" alt=\"Logo der Diakonie Neumarkt\" class=\"wp-image-84721 size-medium\"\/><\/figure><div class=\"wp-block-media-text__content\">\n<h3 class=\"wp-block-heading\">Diakonie Neumarkt<\/h3>\n\n\n\n<p>Die Diakonie ist der soziale Dienst der evangelischen Kirche, bei der der Mensch in seiner Person und mit seiner W\u00fcrde im Mittelpunkt steht. Im Zuge unserer Kooperation wurden bereits mehrere Projekte gemeinsam entwickelt und realisiert wie beispielsweise ein gemeinsames Kochen mit den Senioren der Pflegeeinrichtung der&nbsp;<a href=\"http:\/\/www.diakonie-ahn.de\/\" target=\"_blank\" rel=\"noreferrer noopener\">Diakonie Neumarkt&nbsp;<\/a>sowie ein Kinderferienprogramm angeboten. Au\u00dferdem unterst\u00fctzen wir unter anderem den Leb-mit-Laden mit Warenspenden und planen gemeinsame Gute-Taten-Tage.<\/p>\n<\/div><\/div>\n\n\n\n<div class=\"wp-block-media-text alignwide is-stacked-on-mobile\" style=\"grid-template-columns:30% auto\"><figure class=\"wp-block-media-text__media\"><img loading=\"lazy\" decoding=\"async\" width=\"438\" height=\"376\" src=\"https:\/\/burgis.de\/app\/uploads\/sites\/2\/2022\/05\/dehoga-bayern-r-rgb-1024x527-1.jpg\" alt=\"Logo DEHOGA Bayern\" class=\"wp-image-667 size-full\" srcset=\"https:\/\/burgis.de\/app\/uploads\/sites\/2\/2022\/05\/dehoga-bayern-r-rgb-1024x527-1.jpg 438w,  https:\/\/burgis.de\/app\/uploads\/sites\/2\/2022\/05\/dehoga-bayern-r-rgb-1024x527-1-300x258.jpg 300w\" sizes=\"auto, (max-width: 438px) 100vw, 438px\" \/><\/figure><div class=\"wp-block-media-text__content\">\n<h3 class=\"wp-block-heading\">DEHOGA Bayern<\/h3>\n\n\n\n<p>Der&nbsp;<a href=\"http:\/\/www.dehoga-bayern.de\/start.html\" target=\"_blank\" rel=\"noreferrer noopener\">Bayerische Hotel- und Gastst\u00e4ttenverband DEHOGA Bayern e.V.<\/a>&nbsp;ist der Unternehmer- und Wirtschaftsverband der Hotellerie und Gastronomie in Bayern. Seit 2013 setzen wir uns als Kompetenz-Partner zusammen mit dem DEHOGA Bayern f\u00fcr die Belange der bayerischen Hotellerie und Gastronomie ein und tragen somit unmittelbar zur Zukunftssicherung des bayerischen Gastgewerbes bei. Unsere Kompetenz zeigen wir beispielsweise bei Schulungen, die wir f\u00fcr die Mitgliedsbetriebe des Verbands veranstalten oder bei individuellen Unterst\u00fctzungen der einzelnen Kreisstellen. Auch bei den Veranstaltungen des DEHOGA Bayern pr\u00e4sentieren wir uns gerne und informieren rund um Burgis und die Kn\u00f6del.<\/p>\n<\/div><\/div>\n\n\n\n<div class=\"wp-block-media-text alignwide is-stacked-on-mobile\" style=\"grid-template-columns:30% auto\"><figure class=\"wp-block-media-text__media\"><img loading=\"lazy\" decoding=\"async\" width=\"438\" height=\"376\" src=\"https:\/\/burgis.de\/app\/uploads\/sites\/2\/2022\/05\/geitl-partner.jpg\" alt=\"Fernsehkoch Andreas Geitl\" class=\"wp-image-668 size-full\" srcset=\"https:\/\/burgis.de\/app\/uploads\/sites\/2\/2022\/05\/geitl-partner.jpg 438w,  https:\/\/burgis.de\/app\/uploads\/sites\/2\/2022\/05\/geitl-partner-300x258.jpg 300w\" sizes=\"auto, (max-width: 438px) 100vw, 438px\" \/><\/figure><div class=\"wp-block-media-text__content\">\n<h3 class=\"wp-block-heading\">Andreas Geitl<\/h3>\n\n\n\n<p>Fernsehkoch Andreas Geitl gilt als einer der Wegbereiter f\u00fcr die neu interpretierte bayerische K\u00fcche. Er teilt unsere Liebe f\u00fcr Genuss und hochwertige, regionale Rohstoffe sowie die Begeisterung f\u00fcr Innovationen. So arbeitet er beispielswiese gemeinsam mit uns in der Burgis Produktentwicklung oder entwirft neue Rezepte mit unseren Gemeinschaftsverpflegungs- und Gastronomieberatern.<\/p>\n<\/div><\/div>\n\n\n\n<div class=\"wp-block-media-text alignwide is-stacked-on-mobile\" style=\"grid-template-columns:30% auto\"><figure class=\"wp-block-media-text__media\"><img decoding=\"async\" src=\"https:\/\/burgis.de\/app\/uploads\/2021\/11\/Logo_Biergartenfreunde-1.jpg\" alt=\"Logo Biergartenfreunde\" class=\"wp-image-84731 size-full\"\/><\/figure><div class=\"wp-block-media-text__content\">\n<h3 class=\"wp-block-heading\">Biergartenfreunde<\/h3>\n\n\n\n<p><a rel=\"noreferrer noopener\" href=\"http:\/\/www.biergartenfreunde.de\/\" target=\"_blank\">Die Biergartenfreunde<\/a>&nbsp;sind eine Gemeinschaft von Biergartenbetreibern, Biergartenliebhabern und Brauereien. Der Verbund, bei dem Burgis seit 2015 Partner ist, hat es sich zum Ziel gesetzt, die Biergartentradition weiter zu pflegen und zu erhalten. Das Highlight jedes Jahr ist die Wahl des Lieblings-Biergartens, der bei einer feierlichen Preisverleihung gew\u00fcrdigt wird.<\/p>\n<\/div><\/div>\n\n\n\n<div class=\"wp-block-media-text alignwide is-stacked-on-mobile\" style=\"grid-template-columns:30% auto\"><figure class=\"wp-block-media-text__media\"><img decoding=\"async\" src=\"https:\/\/burgis.de\/app\/uploads\/2021\/11\/logo-wirtshausfreunde.jpg\" alt=\"Logo Wirtshausfreunde\" class=\"wp-image-84728 size-full\"\/><\/figure><div class=\"wp-block-media-text__content\">\n<h3 class=\"wp-block-heading\">Wirtshausfreunde<\/h3>\n\n\n\n<p>Die Online-Plattform&nbsp;<a href=\"http:\/\/www.wirtshausfreunde.de\/\" target=\"_blank\" rel=\"noreferrer noopener\">Wirtshausfreunde<\/a>&nbsp;ist ein Angebot des&nbsp;<a href=\"https:\/\/www.vebwk.com\/\" target=\"_blank\" rel=\"noreferrer noopener\">Vereins zum Erhalt der bayerischen Wirtshauskultur (VEBWK)<\/a>.&nbsp; Seit Juli 2016 sind die Wirtshausfreunde, bei denen wir seit 2014 Mitglied sind, eine eingetragene Marke. Die Plattform hat es sich zur Aufgabe gemacht, die Wirtshauskultur in Deutschland zu f\u00f6rdern und das Bewusstsein f\u00fcr die Bedeutung der Gastronomie sowohl als soziales als auch als wirtschaftliches Element zu st\u00e4rken. Auf ihrer Webseite zeigen die Wirtshausfreunde ein Verzeichnis der sch\u00f6nsten bayerischen Lokale und Wirtsh\u00e4user, Brauereigasth\u00f6fe und Brauereien.<\/p>\n<\/div><\/div>\n\n\n\n<div class=\"wp-block-media-text alignwide is-stacked-on-mobile\" style=\"grid-template-columns:30% auto\"><figure class=\"wp-block-media-text__media\"><img decoding=\"async\" src=\"https:\/\/burgis.de\/app\/uploads\/2021\/11\/lpvlogo-1.jpg\" alt=\"Logo Landschaftspflegeverband Neumarkt i.d.OPf.\" class=\"wp-image-84715 size-thumbnail\"\/><\/figure><div class=\"wp-block-media-text__content\">\n<h3 class=\"wp-block-heading\">Landschaftspflegeverband Neumarkt i.d.OPf.<\/h3>\n\n\n\n<p>Mit dem Motto \u201eWir sorgen daf\u00fcr, das Lebensr\u00e4ume Heimat bleiben\u201c k\u00fcmmert sich der&nbsp;<a href=\"http:\/\/www.lpv-neumarkt.de\/\" target=\"_blank\" rel=\"noreferrer noopener\">Landschaftspflegeverband Neumarkt<\/a>&nbsp;seit 1995 um den Erhalt unserer Kulturlandschaft im Landkreis Neumarkt. Burgis unterst\u00fctzt den Verband seit 2015 und sorgt somit auch daf\u00fcr, dass die Vielfalt und Unverwechselbarkeit unserer Landschaft erhalten bleiben.<\/p>\n<\/div><\/div>\n\n\n\n<div class=\"wp-block-media-text alignwide is-stacked-on-mobile\" style=\"grid-template-columns:30% auto\"><figure class=\"wp-block-media-text__media\"><img decoding=\"async\" src=\"https:\/\/burgis.de\/app\/uploads\/2021\/12\/icon-partner.jpg\" alt=\"Engagement und Austausch bei Burgis\" class=\"wp-image-86293 size-full\"\/><\/figure><div class=\"wp-block-media-text__content\">\n<h3 class=\"wp-block-heading\">Auch hier engagieren wir uns sehr gerne und suchen den Austausch:<\/h3>\n\n\n\n<p>\u2022 Arbeitgeberverband der Bayerischen Ern\u00e4hrungswirtschaft e. V.<br>\u2022\u00a0<a href=\"https:\/\/www.tiefkuehlkost.de\/\" target=\"_blank\" rel=\"noreferrer noopener\">dti Deutsches Tiefk\u00fchlinstitut<\/a><br>\u2022\u00a0<a href=\"https:\/\/www.koch-club-bavaria.com\/\" target=\"_blank\" rel=\"noreferrer noopener\">M\u00fcnchner Koch-Club Bavaria 1899 e.V.<\/a><br>\u2022\u00a0<a href=\"https:\/\/www.vkd.com\/\" target=\"_blank\" rel=\"noreferrer noopener\">Verband der K\u00f6che Deutschland e.V.<\/a><br>\u2022\u00a0<a href=\"http:\/\/www.nuernberger-koeche.de\/\">Verein N\u00fcrnberger K\u00f6che e.V.<\/a><br>\u2022 Gastgeber in M\u00fcnchen e.V.<\/p>\n<\/div><\/div>","protected":false},"excerpt":{"rendered":"<p>Echt starke Partner Als bodenst\u00e4ndiges Familienunternehmen ist es uns eine Herzensangelegenheit unsere Werte und unser Wissen nach au\u00dfen zu tragen. Ausgew\u00e4hlte Partnerschaften erm\u00f6glichen uns, gleichgesinnte Unternehmen und Projekte, mit deren Zielen wir uns identifizieren k\u00f6nnen, tatkr\u00e4ftig zu unterst\u00fctzen. Diakonie Neumarkt Die Diakonie ist der soziale Dienst der evangelischen Kirche, bei der der Mensch in seiner [&hellip;]<\/p>","protected":false},"author":68,"featured_media":0,"parent":0,"menu_order":0,"comment_status":"closed","ping_status":"closed","template":"page-blank.php","meta":{"_acf_changed":false,"_seopress_robots_primary_cat":"","_seopress_titles_title":"Echt starke Partner | Burgis","_seopress_titles_desc":"Als bodenst\u00e4ndiges Familienunternehmen ist es uns eine Herzensangelegenheit, unsere Werte und unser Wissen nach au\u00dfen zu tragen.","_seopress_robots_index":"","footnotes":""},"class_list":["post-453","page","type-page","status-publish","hentry"],"acf":[],"_links":{"self":[{"href":"https:\/\/burgis.de\/gv\/wp-json\/wp\/v2\/pages\/453","targetHints":{"allow":["GET"]}}],"collection":[{"href":"https:\/\/burgis.de\/gv\/wp-json\/wp\/v2\/pages"}],"about":[{"href":"https:\/\/burgis.de\/gv\/wp-json\/wp\/v2\/types\/page"}],"author":[{"embeddable":true,"href":"https:\/\/burgis.de\/gv\/wp-json\/wp\/v2\/users\/68"}],"replies":[{"embeddable":true,"href":"https:\/\/burgis.de\/gv\/wp-json\/wp\/v2\/comments?post=453"}],"version-history":[{"count":6,"href":"https:\/\/burgis.de\/gv\/wp-json\/wp\/v2\/pages\/453\/revisions"}],"predecessor-version":[{"id":671,"href":"https:\/\/burgis.de\/gv\/wp-json\/wp\/v2\/pages\/453\/revisions\/671"}],"wp:attachment":[{"href":"https:\/\/burgis.de\/gv\/wp-json\/wp\/v2\/media?parent=453"}],"curies":[{"name":"wp","href":"https:\/\/api.w.org\/{rel}","templated":true}]}}