{"id":532,"date":"2022-03-29T15:24:38","date_gmt":"2022-03-29T13:24:38","guid":{"rendered":"https:\/\/burgis.de\/gv\/?page_id=532"},"modified":"2025-09-03T10:29:51","modified_gmt":"2025-09-03T08:29:51","slug":"arbeiten-mit-burgis","status":"publish","type":"page","link":"https:\/\/burgis.de\/gv\/arbeiten-mit-burgis\/","title":{"rendered":"Arbeiten mit Burgis"},"content":{"rendered":"<div class=\"wp-block-cover alignfull is-light has-parallax\" style=\"min-height:650px;aspect-ratio:unset;\"><span aria-hidden=\"true\" class=\"wp-block-cover__background has-background-dim-0 has-background-dim\"><\/span><div class=\"wp-block-cover__image-background wp-image-700 has-parallax\" style=\"background-position:50% 50%;background-image:url(https:\/\/burgis.de\/app\/uploads\/sites\/2\/2022\/06\/grossverbraucher-kueche.jpg)\"><\/div><div class=\"wp-block-cover__inner-container is-layout-flow wp-block-cover-is-layout-flow\">\n<p class=\"has-text-align-center has-large-font-size\"><\/p>\n<\/div><\/div>\n\n\n\n<div class=\"wp-block-group is-style-boxed-shadow mi-negative-top-10 has-white-background-color has-background\"><div class=\"wp-block-group__inner-container is-layout-flow wp-block-group-is-layout-flow\">\n<h1 class=\"wp-block-heading has-text-align-center has-large-font-size\">Warum Burgis? Weil\u2019s guad is!<\/h1>\n\n\n\n<hr class=\"wp-block-separator has-css-opacity is-style-default-center\"\/>\n\n\n\n<p class=\"has-text-align-center\">Unsere Kn\u00f6delspezialit\u00e4ten sind unverzichtbare Helfer und Probleml\u00f6ser in der Profi-K\u00fcche. Unsere High Convenience Produkte \u00fcberzeugen nicht nur durch ihre regionalen Rohstoffe, sondern erleichtern die Speisenzubereitung in der gesamten Verpflegung von der klassischen Gastronomie \u00fcber Gro\u00dfveranstaltungen oder Freizeit-Parks bis hin zur Gemeinschaftsverpflegung.<\/p>\n\n\n\n<div class=\"wp-block-buttons is-content-justification-center is-layout-flex wp-container-core-buttons-is-layout-16018d1d wp-block-buttons-is-layout-flex\">\n<div class=\"wp-block-button\"><a class=\"wp-block-button__link wp-element-button\" href=\"https:\/\/burgis.de\/gv\/kontakt\/\">Kontaktieren Sie uns f\u00fcr mehr Informationen<\/a><\/div>\n<\/div>\n<\/div><\/div>\n\n\n\n<div style=\"height:100px\" aria-hidden=\"true\" class=\"wp-block-spacer\"><\/div>\n\n\n\n<div class=\"wp-block-group alignfull is-style-2-3-right has-green-background-color has-background\"><div class=\"wp-block-group__inner-container is-layout-flow wp-block-group-is-layout-flow\">\n<div style=\"height:100px\" aria-hidden=\"true\" class=\"wp-block-spacer\"><\/div>\n\n\n\n<div class=\"wp-block-columns is-layout-flex wp-container-core-columns-is-layout-9d6595d7 wp-block-columns-is-layout-flex\">\n<div class=\"wp-block-column is-layout-flow wp-block-column-is-layout-flow\">\n<figure class=\"wp-block-image size-large is-style-boxed-shadow\"><img loading=\"lazy\" decoding=\"async\" width=\"1024\" height=\"602\" src=\"https:\/\/burgis.de\/app\/uploads\/sites\/2\/2022\/06\/burgismotiv1-1024x602.jpg\" alt=\"Unterschiedlich gro\u00dfe Kn\u00f6del auf Teller\" class=\"wp-image-699\" srcset=\"https:\/\/burgis.de\/app\/uploads\/sites\/2\/2022\/06\/burgismotiv1-1024x602.jpg 1024w,  https:\/\/burgis.de\/app\/uploads\/sites\/2\/2022\/06\/burgismotiv1-300x177.jpg 300w,  https:\/\/burgis.de\/app\/uploads\/sites\/2\/2022\/06\/burgismotiv1-768x452.jpg 768w,  https:\/\/burgis.de\/app\/uploads\/sites\/2\/2022\/06\/burgismotiv1.jpg 1200w\" sizes=\"auto, (max-width: 1024px) 100vw, 1024px\" \/><\/figure>\n<\/div>\n\n\n\n<div class=\"wp-block-column is-vertically-aligned-center is-layout-flow wp-block-column-is-layout-flow\">\n<h2 class=\"wp-block-heading\" id=\"kalkulationssicherheit\">Kalkulationssicherheit<\/h2>\n\n\n\n<hr class=\"wp-block-separator has-css-opacity is-style-default-left\"\/>\n\n\n\n<p>Die Burgis geformten Kn\u00f6delspeziali\u00e4ten sind gut kalkulierbar. Erh\u00e4ltlich in verschiedensten Gr\u00f6\u00dfen bieten wir f\u00fcr jedes Men\u00fc den passenden Kn\u00f6del. Insbesondere durch den Einsatz unserer Tiefk\u00fchl-Produkte kann Fehlkalkulation und Lebensmittelverschwendung vermieden werden. Denn deren Bevorratung ist besonders einfach und der t\u00e4gliche Bedarf kann kurzfristig entnommen und angepasst werden.<\/p>\n<\/div>\n<\/div>\n\n\n\n<div style=\"height:60px\" aria-hidden=\"true\" class=\"wp-block-spacer\"><\/div>\n<\/div><\/div>\n\n\n\n<div style=\"height:100px\" aria-hidden=\"true\" class=\"wp-block-spacer\"><\/div>\n\n\n\n<div class=\"wp-block-group alignfull is-style-2-3-left has-green-background-color has-background\"><div class=\"wp-block-group__inner-container is-layout-flow wp-block-group-is-layout-flow\">\n<div style=\"height:100px\" aria-hidden=\"true\" class=\"wp-block-spacer\"><\/div>\n\n\n\n<div class=\"wp-block-columns is-layout-flex wp-container-core-columns-is-layout-9d6595d7 wp-block-columns-is-layout-flex\">\n<div class=\"wp-block-column is-vertically-aligned-center is-layout-flow wp-block-column-is-layout-flow\">\n<h2 class=\"wp-block-heading\" id=\"personalentlastung\">Personalentlastung<\/h2>\n\n\n\n<hr class=\"wp-block-separator has-css-opacity is-style-default-left\"\/>\n\n\n\n<p>Je h\u00f6her der Convenience-Grad, desto geringer sind die K\u00fcchenarbeitsstunden. Besonders Kartoffelkn\u00f6del sind unglaublich zeitaufw\u00e4ndig in der Zubereitung. Wie gut, dass es von Burgis nicht nur Klo\u00dfteig, sondern auch fertig gerollte Kn\u00f6del gibt. Diese sorgen durch ihre kurze Zubereitungszeit f\u00fcr eine deutliche Zeitersparnis und Entspannung der Personalsituation. Durch die einfache Handhabung k\u00f6nnen unsere High Convenience Produkte auch von ungeschultem Personal problemlos zubereitet werden.<\/p>\n<\/div>\n\n\n\n<div class=\"wp-block-column is-layout-flow wp-block-column-is-layout-flow\">\n<figure class=\"wp-block-image size-large is-style-boxed-shadow\"><img loading=\"lazy\" decoding=\"async\" width=\"1024\" height=\"576\" src=\"https:\/\/burgis.de\/app\/uploads\/sites\/2\/2022\/05\/arbeiten-mit-burgis-1-1024x576.jpg\" alt=\"Burgis K\u00f6che in Gro\u00dfk\u00fcche\" class=\"wp-image-632\" srcset=\"https:\/\/burgis.de\/app\/uploads\/sites\/2\/2022\/05\/arbeiten-mit-burgis-1-1024x576.jpg 1024w,  https:\/\/burgis.de\/app\/uploads\/sites\/2\/2022\/05\/arbeiten-mit-burgis-1-300x169.jpg 300w,  https:\/\/burgis.de\/app\/uploads\/sites\/2\/2022\/05\/arbeiten-mit-burgis-1-768x432.jpg 768w,  https:\/\/burgis.de\/app\/uploads\/sites\/2\/2022\/05\/arbeiten-mit-burgis-1-480x270.jpg 480w,  https:\/\/burgis.de\/app\/uploads\/sites\/2\/2022\/05\/arbeiten-mit-burgis-1.jpg 1200w\" sizes=\"auto, (max-width: 1024px) 100vw, 1024px\" \/><\/figure>\n<\/div>\n<\/div>\n\n\n\n<div style=\"height:60px\" aria-hidden=\"true\" class=\"wp-block-spacer\"><\/div>\n<\/div><\/div>\n\n\n\n<div style=\"height:100px\" aria-hidden=\"true\" class=\"wp-block-spacer\"><\/div>\n\n\n\n<div class=\"wp-block-group alignfull is-style-2-3-right has-green-background-color has-background\"><div class=\"wp-block-group__inner-container is-layout-flow wp-block-group-is-layout-flow\">\n<div style=\"height:100px\" aria-hidden=\"true\" class=\"wp-block-spacer\"><\/div>\n\n\n\n<div class=\"wp-block-columns is-layout-flex wp-container-core-columns-is-layout-9d6595d7 wp-block-columns-is-layout-flex\">\n<div class=\"wp-block-column is-layout-flow wp-block-column-is-layout-flow\">\n<figure class=\"wp-block-image size-large is-style-boxed-shadow\"><img loading=\"lazy\" decoding=\"async\" width=\"1024\" height=\"681\" src=\"https:\/\/burgis.de\/app\/uploads\/sites\/2\/2022\/05\/grosskueche-1024x681.jpg\" alt=\"Gro\u00dfk\u00fcche\" class=\"wp-image-633\" srcset=\"https:\/\/burgis.de\/app\/uploads\/sites\/2\/2022\/05\/grosskueche-1024x681.jpg 1024w,  https:\/\/burgis.de\/app\/uploads\/sites\/2\/2022\/05\/grosskueche-300x200.jpg 300w,  https:\/\/burgis.de\/app\/uploads\/sites\/2\/2022\/05\/grosskueche-768x511.jpg 768w,  https:\/\/burgis.de\/app\/uploads\/sites\/2\/2022\/05\/grosskueche-480x319.jpg 480w,  https:\/\/burgis.de\/app\/uploads\/sites\/2\/2022\/05\/grosskueche.jpg 1500w\" sizes=\"auto, (max-width: 1024px) 100vw, 1024px\" \/><\/figure>\n<\/div>\n\n\n\n<div class=\"wp-block-column is-vertically-aligned-center is-layout-flow wp-block-column-is-layout-flow\">\n<h2 class=\"wp-block-heading\" id=\"gelingsicherheit\">Gelingsicherheit<\/h2>\n\n\n\n<hr class=\"wp-block-separator has-css-opacity is-style-default-left\"\/>\n\n\n\n<p>Durch die genau ermittelte Garzeit kann jeder unserer Kn\u00f6del punktgenau zubereitet werden. Der hohe Convenience-Grad insbesondere unserer vorgeformten Kn\u00f6del minimiert die Fehlerquellen erheblich, da weniger Arbeitsschritte f\u00fcr die Zubereitung n\u00f6tig sind. Ob im Topf oder Kombid\u00e4mpfer, die Burgis Kn\u00f6delspezialit\u00e4ten gelingen immer und sind durch ihre hohe Standzeit zudem flexibel in der Ausgabe.<\/p>\n<\/div>\n<\/div>\n\n\n\n<div style=\"height:60px\" aria-hidden=\"true\" class=\"wp-block-spacer\"><\/div>\n<\/div><\/div>\n\n\n\n<div style=\"height:100px\" aria-hidden=\"true\" class=\"wp-block-spacer\"><\/div>\n\n\n\n<div class=\"wp-block-group alignfull is-style-2-3-left has-green-background-color has-background\"><div class=\"wp-block-group__inner-container is-layout-flow wp-block-group-is-layout-flow\">\n<div style=\"height:100px\" aria-hidden=\"true\" class=\"wp-block-spacer\"><\/div>\n\n\n\n<div class=\"wp-block-columns is-layout-flex wp-container-core-columns-is-layout-9d6595d7 wp-block-columns-is-layout-flex\">\n<div class=\"wp-block-column is-vertically-aligned-center is-layout-flow wp-block-column-is-layout-flow\">\n<h2 class=\"wp-block-heading\" id=\"hohe-standzeit\">Hohe Standzeiten<\/h2>\n\n\n\n<hr class=\"wp-block-separator has-css-opacity is-style-default-left\"\/>\n\n\n\n<p>F\u00fcr viele Verpflegungssysteme sind stabile Produkte mit hohen Standzeiten unabdingbar. Die Burgis Kn\u00f6delspezialit\u00e4ten sind im Wasserbad bis zu 4 Stunden stabil und k\u00f6nnen ohne Qualit\u00e4tseinbu\u00dfen ausgegeben werden. Die durch hohe Standzeiten entstehende Flexibilit\u00e4t sichert auch \u00fcber einen l\u00e4ngeren Ausgabe-Zeitraum ein hochwertiges Men\u00fc mit schmackhaften Komponenten.<\/p>\n<\/div>\n\n\n\n<div class=\"wp-block-column is-layout-flow wp-block-column-is-layout-flow\">\n<figure class=\"wp-block-image size-large is-style-boxed-shadow\"><img loading=\"lazy\" decoding=\"async\" width=\"1024\" height=\"488\" src=\"https:\/\/burgis.de\/app\/uploads\/sites\/2\/2022\/05\/hohe-standzeit-1024x488.jpg\" alt=\"Kn\u00f6del in gro\u00dfem Topf werden gekocht\" class=\"wp-image-634\" srcset=\"https:\/\/burgis.de\/app\/uploads\/sites\/2\/2022\/05\/hohe-standzeit-1024x488.jpg 1024w,  https:\/\/burgis.de\/app\/uploads\/sites\/2\/2022\/05\/hohe-standzeit-300x143.jpg 300w,  https:\/\/burgis.de\/app\/uploads\/sites\/2\/2022\/05\/hohe-standzeit-768x366.jpg 768w,  https:\/\/burgis.de\/app\/uploads\/sites\/2\/2022\/05\/hohe-standzeit-480x229.jpg 480w,  https:\/\/burgis.de\/app\/uploads\/sites\/2\/2022\/05\/hohe-standzeit.jpg 1200w\" sizes=\"auto, (max-width: 1024px) 100vw, 1024px\" \/><\/figure>\n<\/div>\n<\/div>\n\n\n\n<div style=\"height:60px\" aria-hidden=\"true\" class=\"wp-block-spacer\"><\/div>\n<\/div><\/div>\n\n\n\n<div style=\"height:100px\" aria-hidden=\"true\" class=\"wp-block-spacer\"><\/div>\n\n\n\n<div class=\"wp-block-group alignfull is-style-2-3-right has-green-background-color has-background\"><div class=\"wp-block-group__inner-container is-layout-flow wp-block-group-is-layout-flow\">\n<div style=\"height:100px\" aria-hidden=\"true\" class=\"wp-block-spacer\"><\/div>\n\n\n\n<div class=\"wp-block-columns is-layout-flex wp-container-core-columns-is-layout-9d6595d7 wp-block-columns-is-layout-flex\">\n<div class=\"wp-block-column is-layout-flow wp-block-column-is-layout-flow\">\n<figure class=\"wp-block-image size-large is-style-boxed-shadow\"><img loading=\"lazy\" decoding=\"async\" width=\"1024\" height=\"683\" src=\"https:\/\/burgis.de\/app\/uploads\/sites\/2\/2022\/05\/flaexibilitaet-1024x683.jpg\" alt=\"Kn\u00f6delburger mit Kn\u00f6del als Bun\" class=\"wp-image-635\" srcset=\"https:\/\/burgis.de\/app\/uploads\/sites\/2\/2022\/05\/flaexibilitaet-1024x683.jpg 1024w,  https:\/\/burgis.de\/app\/uploads\/sites\/2\/2022\/05\/flaexibilitaet-300x200.jpg 300w,  https:\/\/burgis.de\/app\/uploads\/sites\/2\/2022\/05\/flaexibilitaet-768x512.jpg 768w,  https:\/\/burgis.de\/app\/uploads\/sites\/2\/2022\/05\/flaexibilitaet-480x320.jpg 480w,  https:\/\/burgis.de\/app\/uploads\/sites\/2\/2022\/05\/flaexibilitaet.jpg 1200w\" sizes=\"auto, (max-width: 1024px) 100vw, 1024px\" \/><\/figure>\n<\/div>\n\n\n\n<div class=\"wp-block-column is-vertically-aligned-center is-layout-flow wp-block-column-is-layout-flow\">\n<h2 class=\"wp-block-heading\" id=\"flexibilitaet\">Spielraum f\u00fcr Kreativit\u00e4t<\/h2>\n\n\n\n<hr class=\"wp-block-separator has-css-opacity is-style-default-left\"\/>\n\n\n\n<p>Mit unseren Kn\u00f6delspezialit\u00e4ten wird ein kulinarischer Evergreen serviert, den alle lieben. Er l\u00e4sst trotzdem auch viel Spielraum f\u00fcr moderne Interpretationen, besonders in Hinblick auf vegetarische und vegane Optionen. Ob als klassische Beilage, Salat-Topping, Pfannengericht, Bowl-Komponente oder Suppeneinlage, ob herzhaft oder s\u00fc\u00df \u2013 unsere Kn\u00f6delspezialit\u00e4ten sind wunderbar wandelbar und flexibel einsetzbar.<\/p>\n<\/div>\n<\/div>\n\n\n\n<div style=\"height:60px\" aria-hidden=\"true\" class=\"wp-block-spacer\"><\/div>\n<\/div><\/div>\n\n\n\n<div style=\"height:100px\" aria-hidden=\"true\" class=\"wp-block-spacer\"><\/div>\n\n\n\n<h2 class=\"wp-block-heading has-text-align-left\" id=\"flexibilitaet-ausgabe\">Flexibilit\u00e4t in Zubereitung und Ausgabe<\/h2>\n\n\n\n<hr class=\"wp-block-separator has-css-opacity is-style-default-left\"\/>\n\n\n\n<div style=\"height:50px\" aria-hidden=\"true\" class=\"wp-block-spacer\"><\/div>\n\n\n\n<div class=\"wp-block-columns is-layout-flex wp-container-core-columns-is-layout-9d6595d7 wp-block-columns-is-layout-flex\">\n<div class=\"wp-block-column is-layout-flow wp-block-column-is-layout-flow\">\n<h3 class=\"wp-block-heading\">\u00c0 la carte<\/h3>\n\n\n\n<p>P\u00fcnktlichkeit, Frische und Schnelligkeit \u00e0 la minute stehen bei der \u00e0 la carte-Verpflegung im Mittelpunkt. Das vor allem im Restaurant angewandte Verpflegungssystem soll dem Kunden ein anspruchsvolles, kulinarisches Erlebnis bieten. F\u00fcr die Burgis Kn\u00f6delspeziali\u00e4ten kein<br>Problem!<\/p>\n<\/div>\n\n\n\n<div class=\"wp-block-column is-layout-flow wp-block-column-is-layout-flow\">\n<h3 class=\"wp-block-heading\">Cook &amp; Chill, Cook &amp; Freeze<\/h3>\n\n\n\n<p>Zubereitungsarten wie Cook &amp; Chill und Cook &amp; Freeze sind grunds\u00e4tzlich perfekt f\u00fcr die Arbeit in Zentral- und Satellitenk\u00fcchen. Beide Verpflegungssysteme sind temperatur-, raumund zeitunabh\u00e4ngig, wodurch die Einrichtungen die Men\u00fcs zu einem gew\u00fcnschten Zeitpunkt regenerieren und servieren k\u00f6nnen. Ob Schule, Betriebsgastronomie, Senioreneinrichtung<br>oder Klinik, auch bei diesen Verpflegungssystemen k\u00f6nnen mit Burgis High Convenience Produkten ausgewogene Men\u00fcs kreiert werden.<\/p>\n<\/div>\n\n\n\n<div class=\"wp-block-column is-layout-flow wp-block-column-is-layout-flow\">\n<h3 class=\"wp-block-heading\">Cook &amp; Hold<\/h3>\n\n\n\n<p>Die Warmverpflegung ist das klassische Verpflegungssystem in beispielsweise Kindertagesst\u00e4tten, Senioren- und Rehaeinrichtungen oder Kliniken. Eine zeitliche und r\u00e4umliche Entkopplung kann durch Transportw\u00e4gen \u00fcberbr\u00fcckt werden. Die Burgis Kn\u00f6delspezialit\u00e4ten sind bis zu 4 Stunden im Wasserbad stabil und damit hervorragend f\u00fcr<br>dieses Verpflegungssystem geeignet.<\/p>\n<\/div>\n<\/div>\n\n\n\n<div class=\"wp-block-columns is-layout-flex wp-container-core-columns-is-layout-9d6595d7 wp-block-columns-is-layout-flex\">\n<div class=\"wp-block-column is-layout-flow wp-block-column-is-layout-flow\">\n<h3 class=\"wp-block-heading\">Cook &amp; Serve<\/h3>\n\n\n\n<p>Bei Cook &amp; Serve erfolgt die Zubereitung der Speisen direkt, zeitlich und r\u00e4umlich<br>aufeinander folgend. Dieses Verpflegungssystem wird in Frisch- und Mischk\u00fcchen angewandt. Durch die Verwendung von High Convenience Produkten wie unsere Kn\u00f6delspezialit\u00e4ten k\u00f6nnen auch hier Zubereitungszeiten minimiert und Personal- und Raumbedarf positiv beeinflusst werden.<\/p>\n<\/div>\n\n\n\n<div class=\"wp-block-column is-layout-flow wp-block-column-is-layout-flow\">\n<h3 class=\"wp-block-heading\">Frontcooking<\/h3>\n\n\n\n<p>Beim Frontcooking werden die Speisen direkt vor dem Gast zubereitet. Neben Transparenz<br>geht es bei dieser Zubereitungsart auch um Kommunikation, aber vor allem um Schnelligkeit. Denn bereits Wartezeiten ab 30 Sekunden k\u00f6nnen bei den G\u00e4sten Unbehagen und Stress hervorrufen. Hier sind unsere High Convenience Produkte von besonderem Vorteil: einmal zubereitet k\u00f6nnen sie durch ihre lange Standzeit kurzfristig nach Bedarf entnommen werden. So bleibt mehr Zeit f\u00fcr die Fertigstellung der restlichen Men\u00fckomponenten.<\/p>\n<\/div>\n\n\n\n<div class=\"wp-block-column is-layout-flow wp-block-column-is-layout-flow\">\n<h3 class=\"wp-block-heading\">Sous-vide<\/h3>\n\n\n\n<p>Besonders schonend ist die Zubereitung von Speisenkomponenten mit dem Sous-vide Verfahren. Nach der Vorbereitung werden die einzelnen Komponenten oder sogar ganze<br>Men\u00fcs in spezielle Beutel gef\u00fcllt und bei niedrigen Temperaturen gegart. Auch unsere<br>Kn\u00f6delspezialit\u00e4ten k\u00f6nnen mit dieser Methode zubereitet werden \u2013 Partnerunternehmen von Burgis bieten unsere Kn\u00f6del bereits als Sous-vide-Produkte an. Sprechen Sie uns gerne an und erfahren Sie mehr dazu!<\/p>\n<\/div>\n<\/div>\n\n\n\n<div class=\"wp-block-group alignfull has-green-background-color has-background\"><div class=\"wp-block-group__inner-container is-layout-flow wp-block-group-is-layout-flow\">\n<div style=\"height:60px\" aria-hidden=\"true\" class=\"wp-block-spacer\"><\/div>\n\n\n\n<h2 class=\"wp-block-heading has-text-align-center\" id=\"verpflegungsansprueche\">Verpflegungsanspr\u00fcche<\/h2>\n\n\n\n<hr class=\"wp-block-separator has-css-opacity is-style-default-center\"\/>\n\n\n\n<p class=\"has-text-align-center\">S\u00e4mtliche der Burgis High Convenience Produkte sind vegetarisch, unsere Kartoffelkn\u00f6del<br>sogar von Natur aus vegan. Damit sind sie die ideale Basis f\u00fcr Men\u00fcs ohne Fleisch oder<br>ohne jegliche tierische Komponenten. Ob in Bowls, Suppeneinlagen, mit So\u00dfe oder im Salat,<br>mit unseren Produkten lassen sich verschiedenste Gerichte kreieren. Auch f\u00fcr besondere<br>Verpflegungsanspr\u00fcche wie gluten- oder laktosefreie Ern\u00e4hrung sind viele unserer Produkte<br>geeignet. Burgis Kn\u00f6delspezialit\u00e4ten sind ein authentisches, wandelbares Produkt, das in<br>viele Ern\u00e4hrungsarten passt und sicher verwendet werden kann.<\/p>\n\n\n\n<div class=\"wp-block-columns is-layout-flex wp-container-core-columns-is-layout-9d6595d7 wp-block-columns-is-layout-flex\">\n<div class=\"wp-block-column is-layout-flow wp-block-column-is-layout-flow\">\n<figure class=\"wp-block-image size-full\"><img loading=\"lazy\" decoding=\"async\" width=\"900\" height=\"900\" src=\"https:\/\/burgis.de\/app\/uploads\/sites\/2\/2022\/03\/knoedelteiggastro-1.png\" alt=\"Klo\u00dfteig, Gastro Qualit\u00e4t\" class=\"wp-image-462\" srcset=\"https:\/\/burgis.de\/app\/uploads\/sites\/2\/2022\/03\/knoedelteiggastro-1.png 900w,  https:\/\/burgis.de\/app\/uploads\/sites\/2\/2022\/03\/knoedelteiggastro-1-300x300.png 300w,  https:\/\/burgis.de\/app\/uploads\/sites\/2\/2022\/03\/knoedelteiggastro-1-150x150.png 150w,  https:\/\/burgis.de\/app\/uploads\/sites\/2\/2022\/03\/knoedelteiggastro-1-768x768.png 768w,  https:\/\/burgis.de\/app\/uploads\/sites\/2\/2022\/03\/knoedelteiggastro-1-480x480.png 480w,  https:\/\/burgis.de\/app\/uploads\/sites\/2\/2022\/03\/knoedelteiggastro-1-100x100.png 100w\" sizes=\"auto, (max-width: 900px) 100vw, 900px\" \/><\/figure>\n<\/div>\n\n\n\n<div class=\"wp-block-column is-layout-flow wp-block-column-is-layout-flow\">\n<figure class=\"wp-block-image size-full\"><img loading=\"lazy\" decoding=\"async\" width=\"900\" height=\"900\" src=\"https:\/\/burgis.de\/app\/uploads\/sites\/2\/2022\/03\/semmelknoedel-gv.png\" alt=\"Produktbild Burgis Semmelkn\u00f6del\" class=\"wp-image-468\" srcset=\"https:\/\/burgis.de\/app\/uploads\/sites\/2\/2022\/03\/semmelknoedel-gv.png 900w,  https:\/\/burgis.de\/app\/uploads\/sites\/2\/2022\/03\/semmelknoedel-gv-300x300.png 300w,  https:\/\/burgis.de\/app\/uploads\/sites\/2\/2022\/03\/semmelknoedel-gv-150x150.png 150w,  https:\/\/burgis.de\/app\/uploads\/sites\/2\/2022\/03\/semmelknoedel-gv-768x768.png 768w,  https:\/\/burgis.de\/app\/uploads\/sites\/2\/2022\/03\/semmelknoedel-gv-480x480.png 480w,  https:\/\/burgis.de\/app\/uploads\/sites\/2\/2022\/03\/semmelknoedel-gv-100x100.png 100w\" sizes=\"auto, (max-width: 900px) 100vw, 900px\" \/><\/figure>\n<\/div>\n\n\n\n<div class=\"wp-block-column is-layout-flow wp-block-column-is-layout-flow\">\n<figure class=\"wp-block-image size-full\"><img loading=\"lazy\" decoding=\"async\" width=\"900\" height=\"900\" src=\"https:\/\/burgis.de\/app\/uploads\/sites\/2\/2022\/03\/reibekuchen.png\" alt=\"Reibekuchenteig\" class=\"wp-image-492\" srcset=\"https:\/\/burgis.de\/app\/uploads\/sites\/2\/2022\/03\/reibekuchen.png 900w,  https:\/\/burgis.de\/app\/uploads\/sites\/2\/2022\/03\/reibekuchen-300x300.png 300w,  https:\/\/burgis.de\/app\/uploads\/sites\/2\/2022\/03\/reibekuchen-150x150.png 150w,  https:\/\/burgis.de\/app\/uploads\/sites\/2\/2022\/03\/reibekuchen-768x768.png 768w,  https:\/\/burgis.de\/app\/uploads\/sites\/2\/2022\/03\/reibekuchen-480x480.png 480w,  https:\/\/burgis.de\/app\/uploads\/sites\/2\/2022\/03\/reibekuchen-100x100.png 100w\" sizes=\"auto, (max-width: 900px) 100vw, 900px\" \/><\/figure>\n<\/div>\n\n\n\n<div class=\"wp-block-column is-layout-flow wp-block-column-is-layout-flow\">\n<figure class=\"wp-block-image size-full\"><img loading=\"lazy\" decoding=\"async\" width=\"900\" height=\"900\" src=\"https:\/\/burgis.de\/app\/uploads\/sites\/2\/2022\/03\/knoepfle-gv.png\" alt=\"Eiersp\u00e4tzle Kn\u00f6pfle - GV\" class=\"wp-image-483\" srcset=\"https:\/\/burgis.de\/app\/uploads\/sites\/2\/2022\/03\/knoepfle-gv.png 900w,  https:\/\/burgis.de\/app\/uploads\/sites\/2\/2022\/03\/knoepfle-gv-300x300.png 300w,  https:\/\/burgis.de\/app\/uploads\/sites\/2\/2022\/03\/knoepfle-gv-150x150.png 150w,  https:\/\/burgis.de\/app\/uploads\/sites\/2\/2022\/03\/knoepfle-gv-768x768.png 768w,  https:\/\/burgis.de\/app\/uploads\/sites\/2\/2022\/03\/knoepfle-gv-480x480.png 480w,  https:\/\/burgis.de\/app\/uploads\/sites\/2\/2022\/03\/knoepfle-gv-100x100.png 100w\" sizes=\"auto, (max-width: 900px) 100vw, 900px\" \/><\/figure>\n<\/div>\n<\/div>\n\n\n\n<div style=\"height:60px\" aria-hidden=\"true\" class=\"wp-block-spacer\"><\/div>\n<\/div><\/div>","protected":false},"excerpt":{"rendered":"<p>Warum Burgis? Weil\u2019s guad is! Unsere Kn\u00f6delspezialit\u00e4ten sind unverzichtbare Helfer und Probleml\u00f6ser in der Profi-K\u00fcche. Unsere High Convenience Produkte \u00fcberzeugen nicht nur durch ihre regionalen Rohstoffe, sondern erleichtern die Speisenzubereitung in der gesamten Verpflegung von der klassischen Gastronomie \u00fcber Gro\u00dfveranstaltungen oder Freizeit-Parks bis hin zur Gemeinschaftsverpflegung. Kalkulationssicherheit Die Burgis geformten Kn\u00f6delspeziali\u00e4ten sind gut kalkulierbar. Erh\u00e4ltlich [&hellip;]<\/p>","protected":false},"author":19,"featured_media":0,"parent":0,"menu_order":0,"comment_status":"closed","ping_status":"closed","template":"page-blank.php","meta":{"_acf_changed":false,"_seopress_robots_primary_cat":"","_seopress_titles_title":"Arbeiten mit Burgis - hier mehr erfahren","_seopress_titles_desc":"Wie die Zusammenarbeit mit Burgis Ihre K\u00fcche effizienter macht: von Kalkulationssicherheit bis zu kreativer Flexibilit\u00e4t. Entdecken Sie mehr online!","_seopress_robots_index":"","footnotes":""},"class_list":["post-532","page","type-page","status-publish","hentry"],"acf":[],"_links":{"self":[{"href":"https:\/\/burgis.de\/gv\/wp-json\/wp\/v2\/pages\/532","targetHints":{"allow":["GET"]}}],"collection":[{"href":"https:\/\/burgis.de\/gv\/wp-json\/wp\/v2\/pages"}],"about":[{"href":"https:\/\/burgis.de\/gv\/wp-json\/wp\/v2\/types\/page"}],"author":[{"embeddable":true,"href":"https:\/\/burgis.de\/gv\/wp-json\/wp\/v2\/users\/19"}],"replies":[{"embeddable":true,"href":"https:\/\/burgis.de\/gv\/wp-json\/wp\/v2\/comments?post=532"}],"version-history":[{"count":31,"href":"https:\/\/burgis.de\/gv\/wp-json\/wp\/v2\/pages\/532\/revisions"}],"predecessor-version":[{"id":1953,"href":"https:\/\/burgis.de\/gv\/wp-json\/wp\/v2\/pages\/532\/revisions\/1953"}],"wp:attachment":[{"href":"https:\/\/burgis.de\/gv\/wp-json\/wp\/v2\/media?parent=532"}],"curies":[{"name":"wp","href":"https:\/\/api.w.org\/{rel}","templated":true}]}}