{"id":550,"date":"2022-03-29T15:40:12","date_gmt":"2022-03-29T13:40:12","guid":{"rendered":"https:\/\/burgis.de\/gv\/?page_id=550"},"modified":"2025-03-12T14:52:44","modified_gmt":"2025-03-12T13:52:44","slug":"speiseplaene","status":"publish","type":"page","link":"https:\/\/burgis.de\/gv\/speiseplaene\/","title":{"rendered":"Speisepl\u00e4ne"},"content":{"rendered":"","protected":true},"excerpt":{"rendered":"","protected":true},"author":19,"featured_media":0,"parent":0,"menu_order":0,"comment_status":"closed","ping_status":"closed","template":"passwordprotected-page.php","meta":{"_acf_changed":false,"_seopress_robots_primary_cat":"","_seopress_titles_title":"","_seopress_titles_desc":"Inspirierende Speisepl\u00e4ne mit Burgis: Entdecken Sie vielf\u00e4ltige Rezeptideen und etablieren Sie Kn\u00f6del ganzj\u00e4hrig auf Ihren Speisekarten. Jetzt informieren!","_seopress_robots_index":"","footnotes":""},"class_list":["post-550","page","type-page","status-publish","post-password-required","hentry"],"acf":[],"_links":{"self":[{"href":"https:\/\/burgis.de\/gv\/wp-json\/wp\/v2\/pages\/550","targetHints":{"allow":["GET"]}}],"collection":[{"href":"https:\/\/burgis.de\/gv\/wp-json\/wp\/v2\/pages"}],"about":[{"href":"https:\/\/burgis.de\/gv\/wp-json\/wp\/v2\/types\/page"}],"author":[{"embeddable":true,"href":"https:\/\/burgis.de\/gv\/wp-json\/wp\/v2\/users\/19"}],"replies":[{"embeddable":true,"href":"https:\/\/burgis.de\/gv\/wp-json\/wp\/v2\/comments?post=550"}],"version-history":[{"count":61,"href":"https:\/\/burgis.de\/gv\/wp-json\/wp\/v2\/pages\/550\/revisions"}],"predecessor-version":[{"id":1591,"href":"https:\/\/burgis.de\/gv\/wp-json\/wp\/v2\/pages\/550\/revisions\/1591"}],"wp:attachment":[{"href":"https:\/\/burgis.de\/gv\/wp-json\/wp\/v2\/media?parent=550"}],"curies":[{"name":"wp","href":"https:\/\/api.w.org\/{rel}","templated":true}]}}