{"id":1546,"date":"2024-06-19T11:37:14","date_gmt":"2024-06-19T09:37:14","guid":{"rendered":"https:\/\/burgis.de\/gv\/?post_type=product&#038;p=1546"},"modified":"2024-07-01T10:17:50","modified_gmt":"2024-07-01T08:17:50","slug":"gegarte-knoedel","status":"publish","type":"product","link":"https:\/\/burgis.de\/gv\/produkt\/gegarte-knoedel\/","title":{"rendered":"regaLine\u00ae Kartoffelkl\u00f6\u00dfe"},"content":{"rendered":"<ul>\n<li>Verpackung: 180 x 50 g<\/li>\n<li>Vegan<\/li>\n<li>Glutenfrei, Laktosefrei<\/li>\n<li>Ausgezeichnet mit dem Qualit\u00e4tssiegel \u201eGepr\u00fcfte Qualit\u00e4t \u2013 Bayern\u201d<\/li>\n<li>Tiefk\u00fchlprodukt<\/li>\n<li>Art.-Nr.: 500510<\/li>\n<\/ul>\n<p>Sie sind tiefgefroren, vorgeformt und vorgegart. Doch der gr\u00f6\u00dfte Vorteil ist die Eignung f\u00fcr die Teller-Regeneration.<\/p>","protected":false},"excerpt":{"rendered":"<p>Vorgeformte, vorgegarte und regenerierbare TK-Kn\u00f6del<\/p>","protected":false},"featured_media":1549,"template":"","meta":{"_acf_changed":false,"_seopress_robots_primary_cat":"none","_seopress_titles_title":"regaLine  | Gegarte Kn\u00f6del  |  Burgis","_seopress_titles_desc":"Sie sind tiefgefroren, vorgeformt und vorgegart. Doch der gr\u00f6\u00dfte Vorteil ist die Eignung f\u00fcr die Teller-Regeneration.","_seopress_robots_index":""},"product_brand":[],"product_cat":[61],"product_tag":[],"class_list":{"0":"post-1546","1":"product","2":"type-product","3":"status-publish","4":"has-post-thumbnail","6":"product_cat-regaline","8":"first","9":"outofstock","10":"taxable","11":"shipping-taxable","12":"product-type-simple"},"acf":[],"_links":{"self":[{"href":"https:\/\/burgis.de\/gv\/wp-json\/wp\/v2\/product\/1546","targetHints":{"allow":["GET"]}}],"collection":[{"href":"https:\/\/burgis.de\/gv\/wp-json\/wp\/v2\/product"}],"about":[{"href":"https:\/\/burgis.de\/gv\/wp-json\/wp\/v2\/types\/product"}],"wp:featuredmedia":[{"embeddable":true,"href":"https:\/\/burgis.de\/gv\/wp-json\/wp\/v2\/media\/1549"}],"wp:attachment":[{"href":"https:\/\/burgis.de\/gv\/wp-json\/wp\/v2\/media?parent=1546"}],"wp:term":[{"taxonomy":"product_brand","embeddable":true,"href":"https:\/\/burgis.de\/gv\/wp-json\/wp\/v2\/product_brand?post=1546"},{"taxonomy":"product_cat","embeddable":true,"href":"https:\/\/burgis.de\/gv\/wp-json\/wp\/v2\/product_cat?post=1546"},{"taxonomy":"product_tag","embeddable":true,"href":"https:\/\/burgis.de\/gv\/wp-json\/wp\/v2\/product_tag?post=1546"}],"curies":[{"name":"wp","href":"https:\/\/api.w.org\/{rel}","templated":true}]}}