{"id":1559,"date":"2024-06-19T15:16:55","date_gmt":"2024-06-19T13:16:55","guid":{"rendered":"https:\/\/burgis.de\/gv\/?post_type=product&#038;p=1559"},"modified":"2024-06-20T15:18:14","modified_gmt":"2024-06-20T13:18:14","slug":"gegarte-roundies-fein-wuerzig","status":"publish","type":"product","link":"https:\/\/burgis.de\/gv\/produkt\/gegarte-roundies-fein-wuerzig\/","title":{"rendered":"Roundies\u00ae fein w\u00fcrzig"},"content":{"rendered":"<ul>\n<li>Verpackung: 40 x 120 g<\/li>\n<li>Vegan<\/li>\n<li>Glutenfrei, Laktosefrei<\/li>\n<li>Tiefk\u00fchlprodukt<\/li>\n<li>Art.-Nr.: 500520<\/li>\n<\/ul>\n<p>Vorgegarte Taler aus Kartoffelteig &#8211; der kartoffelige Allrounder f\u00fcr Pfanne, Ofen und Topf.<\/p>","protected":false},"excerpt":{"rendered":"<p>Vorgegarte Taler aus Kartoffelteig.<\/p>","protected":false},"featured_media":1572,"template":"","meta":{"_acf_changed":false,"_seopress_robots_primary_cat":"none","_seopress_titles_title":"Roundies fein w\u00fcrzig | Burgis","_seopress_titles_desc":"Kartoffelteigtaler f\u00fcr die Gro\u00dfk\u00fcche - jetzt neu bei Burgis.","_seopress_robots_index":""},"product_brand":[],"product_cat":[61],"product_tag":[],"class_list":{"0":"post-1559","1":"product","2":"type-product","3":"status-publish","4":"has-post-thumbnail","6":"product_cat-regaline","8":"first","9":"outofstock","10":"taxable","11":"shipping-taxable","12":"product-type-simple"},"acf":[],"_links":{"self":[{"href":"https:\/\/burgis.de\/gv\/wp-json\/wp\/v2\/product\/1559","targetHints":{"allow":["GET"]}}],"collection":[{"href":"https:\/\/burgis.de\/gv\/wp-json\/wp\/v2\/product"}],"about":[{"href":"https:\/\/burgis.de\/gv\/wp-json\/wp\/v2\/types\/product"}],"wp:featuredmedia":[{"embeddable":true,"href":"https:\/\/burgis.de\/gv\/wp-json\/wp\/v2\/media\/1572"}],"wp:attachment":[{"href":"https:\/\/burgis.de\/gv\/wp-json\/wp\/v2\/media?parent=1559"}],"wp:term":[{"taxonomy":"product_brand","embeddable":true,"href":"https:\/\/burgis.de\/gv\/wp-json\/wp\/v2\/product_brand?post=1559"},{"taxonomy":"product_cat","embeddable":true,"href":"https:\/\/burgis.de\/gv\/wp-json\/wp\/v2\/product_cat?post=1559"},{"taxonomy":"product_tag","embeddable":true,"href":"https:\/\/burgis.de\/gv\/wp-json\/wp\/v2\/product_tag?post=1559"}],"curies":[{"name":"wp","href":"https:\/\/api.w.org\/{rel}","templated":true}]}}