{"id":1565,"date":"2024-06-19T15:23:23","date_gmt":"2024-06-19T13:23:23","guid":{"rendered":"https:\/\/burgis.de\/gv\/?post_type=product&#038;p=1565"},"modified":"2024-07-01T10:16:44","modified_gmt":"2024-07-01T08:16:44","slug":"gegarte-roundies-kraeuter","status":"publish","type":"product","link":"https:\/\/burgis.de\/gv\/produkt\/gegarte-roundies-kraeuter\/","title":{"rendered":"Roundies\u00ae Kr\u00e4uter"},"content":{"rendered":"<ul>\n<li>Verpackung: 40 x 120 g<\/li>\n<li>Vegan<\/li>\n<li>Glutenfrei, Laktosefrei<\/li>\n<li>Tiefk\u00fchlprodukt<\/li>\n<li>Art.-Nr.: 500521<\/li>\n<\/ul>\n<p>Der kartoffelige Kr\u00e4uter-Allrounder f\u00fcr Pfanne, Ofen und Topf.<\/p>","protected":false},"excerpt":{"rendered":"<p>Der kartoffelige Kr\u00e4uter-Allrounder f\u00fcr Pfanne, Ofen und Topf.<\/p>","protected":false},"featured_media":1557,"template":"","meta":{"_acf_changed":false,"_seopress_robots_primary_cat":"none","_seopress_titles_title":"regaLine  | Gegarte Roundies Kr\u00e4uter |  Burgis","_seopress_titles_desc":"Kartoffelteigtaler f\u00fcr die Gro\u00dfk\u00fcche - jetzt neu bei Burgis.","_seopress_robots_index":""},"product_brand":[],"product_cat":[61],"product_tag":[],"class_list":{"0":"post-1565","1":"product","2":"type-product","3":"status-publish","4":"has-post-thumbnail","6":"product_cat-regaline","8":"first","9":"outofstock","10":"taxable","11":"shipping-taxable","12":"product-type-simple"},"acf":[],"_links":{"self":[{"href":"https:\/\/burgis.de\/gv\/wp-json\/wp\/v2\/product\/1565","targetHints":{"allow":["GET"]}}],"collection":[{"href":"https:\/\/burgis.de\/gv\/wp-json\/wp\/v2\/product"}],"about":[{"href":"https:\/\/burgis.de\/gv\/wp-json\/wp\/v2\/types\/product"}],"wp:featuredmedia":[{"embeddable":true,"href":"https:\/\/burgis.de\/gv\/wp-json\/wp\/v2\/media\/1557"}],"wp:attachment":[{"href":"https:\/\/burgis.de\/gv\/wp-json\/wp\/v2\/media?parent=1565"}],"wp:term":[{"taxonomy":"product_brand","embeddable":true,"href":"https:\/\/burgis.de\/gv\/wp-json\/wp\/v2\/product_brand?post=1565"},{"taxonomy":"product_cat","embeddable":true,"href":"https:\/\/burgis.de\/gv\/wp-json\/wp\/v2\/product_cat?post=1565"},{"taxonomy":"product_tag","embeddable":true,"href":"https:\/\/burgis.de\/gv\/wp-json\/wp\/v2\/product_tag?post=1565"}],"curies":[{"name":"wp","href":"https:\/\/api.w.org\/{rel}","templated":true}]}}