{"id":1568,"date":"2024-06-19T15:32:08","date_gmt":"2024-06-19T13:32:08","guid":{"rendered":"https:\/\/burgis.de\/gv\/?post_type=product&#038;p=1568"},"modified":"2024-07-01T11:26:39","modified_gmt":"2024-07-01T09:26:39","slug":"semmelknoedelinos","status":"publish","type":"product","link":"https:\/\/burgis.de\/gv\/produkt\/semmelknoedelinos\/","title":{"rendered":"Semmelkn\u00f6delinos\u00ae"},"content":{"rendered":"<ul>\n<li>Verpackung: ca. 120 x 25 g<\/li>\n<li>Vegetarisch<\/li>\n<li>Glutenfrei, Laktosefrei<\/li>\n<li>Tiefk\u00fchlprodukt<\/li>\n<li>Art.-Nr.: 500657<\/li>\n<\/ul>\n<p>TK-Mini-Semmelkn\u00f6del mit Petersilie<\/p>","protected":false},"excerpt":{"rendered":"<p>TK-Mini-Semmelkn\u00f6del mit Petersilie<\/p>","protected":false},"featured_media":1574,"template":"","meta":{"_acf_changed":false,"_seopress_robots_primary_cat":"none","_seopress_titles_title":"regaLine  | Semmelkn\u00f6delinos |  Burgis","_seopress_titles_desc":"Auch geeignet f\u00fcr die Tellerregeneration: Unsere Semmelkn\u00f6delinos.","_seopress_robots_index":""},"product_brand":[],"product_cat":[61],"product_tag":[],"class_list":{"0":"post-1568","1":"product","2":"type-product","3":"status-publish","4":"has-post-thumbnail","6":"product_cat-regaline","8":"first","9":"instock","10":"taxable","11":"shipping-taxable","12":"product-type-simple"},"acf":[],"_links":{"self":[{"href":"https:\/\/burgis.de\/gv\/wp-json\/wp\/v2\/product\/1568","targetHints":{"allow":["GET"]}}],"collection":[{"href":"https:\/\/burgis.de\/gv\/wp-json\/wp\/v2\/product"}],"about":[{"href":"https:\/\/burgis.de\/gv\/wp-json\/wp\/v2\/types\/product"}],"wp:featuredmedia":[{"embeddable":true,"href":"https:\/\/burgis.de\/gv\/wp-json\/wp\/v2\/media\/1574"}],"wp:attachment":[{"href":"https:\/\/burgis.de\/gv\/wp-json\/wp\/v2\/media?parent=1568"}],"wp:term":[{"taxonomy":"product_brand","embeddable":true,"href":"https:\/\/burgis.de\/gv\/wp-json\/wp\/v2\/product_brand?post=1568"},{"taxonomy":"product_cat","embeddable":true,"href":"https:\/\/burgis.de\/gv\/wp-json\/wp\/v2\/product_cat?post=1568"},{"taxonomy":"product_tag","embeddable":true,"href":"https:\/\/burgis.de\/gv\/wp-json\/wp\/v2\/product_tag?post=1568"}],"curies":[{"name":"wp","href":"https:\/\/api.w.org\/{rel}","templated":true}]}}