{"id":460,"date":"2022-03-28T18:49:13","date_gmt":"2022-03-28T16:49:13","guid":{"rendered":"https:\/\/burgis.de\/gv\/?post_type=product&#038;p=460"},"modified":"2025-03-12T08:57:11","modified_gmt":"2025-03-12T07:57:11","slug":"klossteig-gastro-qualitaet","status":"publish","type":"product","link":"https:\/\/burgis.de\/gv\/produkt\/klossteig-gastro-qualitaet\/","title":{"rendered":"Klo\u00dfteig Gastro Qualit\u00e4t"},"content":{"rendered":"<ul>\n<li>Vegan<\/li>\n<li>Glutenfrei, Laktosefrei<\/li>\n<li>Ausgezeichnet mit dem Qualit\u00e4tssiegel \u201eGepr\u00fcfte Qualit\u00e4t &#8211; Bayern&#8220;<\/li>\n<li>Ohne Zusatz von Geschmacksverst\u00e4rker, lt. Handelsbrauch<\/li>\n<li>Ohne Zusatz von Farbstoffen<\/li>\n<li>Hohe Standzeiten<\/li>\n<li>Fettfrei<\/li>\n<li>Erh\u00e4ltlich in folgenden Packungsgr\u00f6\u00dfen:\n<ul>\n<li>1 kg,\u00a0Art.-Nr.: 500109<\/li>\n<li>2,5 kg, Art.-Nr.: 500110<\/li>\n<li>5 kg, Art.-Nr.: 500111<\/li>\n<\/ul>\n<\/li>\n<\/ul>\n<p>Das Premium-Produkt, hergestellt aus frisch geriebenen Kartoffeln, macht schon beim Zubereiten richtig Spa\u00df. Burgis Klo\u00dfteig ist ein wahrer Klassiker und eignet sich hervorragend als Beilage zu So\u00dfengerichten wie Schweinebraten, Wild, Geflu\u0308gel und Sauerbraten.<br \/>\nWir verarbeiten nur hochwertige, vorwiegend festkochende Kartoffelsorten zu 100 % aus Burgis kontrolliertem Vertragsanbau, ausschlie\u00dflich aus dem Programm \u201eGepr\u00fcfte Qualit\u00e4t \u2013 Bayern\u201c.<\/p>","protected":false},"excerpt":{"rendered":"<p>aus frisch geriebenen Kartoffeln<\/p>","protected":false},"featured_media":1709,"template":"","meta":{"_acf_changed":false,"_seopress_robots_primary_cat":"none","_seopress_titles_title":"Klo\u00dfteig Gastro Qualit\u00e4t | Burgis","_seopress_titles_desc":"Burgis Klo\u00dfteig ist ein wahrer Klassiker und eignet sich hervorragend als Beilage zu So\u00dfengerichten wie Schweinebraten, Wild und Sauerbraten.","_seopress_robots_index":""},"product_brand":[],"product_cat":[42],"product_tag":[],"class_list":{"0":"post-460","1":"product","2":"type-product","3":"status-publish","4":"has-post-thumbnail","6":"product_cat-knoedelteig","8":"first","9":"outofstock","10":"product-type-simple"},"acf":[],"_links":{"self":[{"href":"https:\/\/burgis.de\/gv\/wp-json\/wp\/v2\/product\/460","targetHints":{"allow":["GET"]}}],"collection":[{"href":"https:\/\/burgis.de\/gv\/wp-json\/wp\/v2\/product"}],"about":[{"href":"https:\/\/burgis.de\/gv\/wp-json\/wp\/v2\/types\/product"}],"wp:featuredmedia":[{"embeddable":true,"href":"https:\/\/burgis.de\/gv\/wp-json\/wp\/v2\/media\/1709"}],"wp:attachment":[{"href":"https:\/\/burgis.de\/gv\/wp-json\/wp\/v2\/media?parent=460"}],"wp:term":[{"taxonomy":"product_brand","embeddable":true,"href":"https:\/\/burgis.de\/gv\/wp-json\/wp\/v2\/product_brand?post=460"},{"taxonomy":"product_cat","embeddable":true,"href":"https:\/\/burgis.de\/gv\/wp-json\/wp\/v2\/product_cat?post=460"},{"taxonomy":"product_tag","embeddable":true,"href":"https:\/\/burgis.de\/gv\/wp-json\/wp\/v2\/product_tag?post=460"}],"curies":[{"name":"wp","href":"https:\/\/api.w.org\/{rel}","templated":true}]}}