{"id":463,"date":"2022-03-28T18:52:57","date_gmt":"2022-03-28T16:52:57","guid":{"rendered":"https:\/\/burgis.de\/gv\/?post_type=product&#038;p=463"},"modified":"2025-09-03T10:02:13","modified_gmt":"2025-09-03T08:02:13","slug":"kartoffelknoedel","status":"publish","type":"product","link":"https:\/\/burgis.de\/gv\/produkt\/kartoffelknoedel\/","title":{"rendered":"Kartoffelkn\u00f6del"},"content":{"rendered":"<ul>\n<li>Vegan<\/li>\n<li>Glutenfrei, laktosefrei<\/li>\n<li>Ausgezeichnet mit dem Qualit\u00e4tssiegel \u201eGepr\u00fcfte Qualit\u00e4t &#8211; Bayern&#8220;<\/li>\n<li>Ohne Zusatz von Geschmacksverst\u00e4rker, lt. Handelsbrauch<\/li>\n<li>Ohne Zusatz von Farbstoffen<\/li>\n<li>Bis zu 4h im Wasserbad kochstabil<\/li>\n<li>Erh\u00e4ltlich in folgenden Kn\u00f6delgr\u00f6\u00dfen:\n<ul>\n<li>90 g (20 Kn\u00f6del pro Packung) Art.-Nr.: 500690<\/li>\n<li>180 g (16 Kn\u00f6del pro Packung) Art.-Nr.: 500437<\/li>\n<\/ul>\n<\/li>\n<\/ul>\n<p>Die Burgis Kartoffelkn\u00f6del in den Varianten 90g und 180g kommen ganz ohne abkochen aus und sind im Wasserbad bis zu 4 Stunden kochstabil. Ihren frischen Kartoffelgeschmack verdanken diese Kn\u00f6del den regionalen Bauernkartoffeln, ausgezeichnet mit dem G\u00fctesiegel \u201eGepr\u00fcfte Qualit\u00e4t \u2013 Bayern\u201c. Egal, ob als Beilage zu typisch bayerischen Fleischgerichten wie Haxen oder Schweinsbraten oder als vegetarisches Gericht mit Rahmschwammerlso\u00dfe, Kartoffelkn\u00f6del sind sehr vielf\u00e4ltig einsetzbar.<\/p>","protected":false},"excerpt":{"rendered":"<p>aus frisch geriebenen Kartoffeln<\/p>","protected":false},"featured_media":1726,"template":"","meta":{"_acf_changed":false,"_seopress_robots_primary_cat":"none","_seopress_titles_title":"Kartoffelkn\u00f6del geformt & ohne Brotw\u00fcrfel | Burgis","_seopress_titles_desc":"Ob als Beilage zu bayerischen Fleischgerichten oder als vegetarisches Gericht, die Burgis gefromten Kartoffelkn\u00f6del sorgen f\u00fcr vielf\u00e4ltigen Genuss.","_seopress_robots_index":""},"product_brand":[],"product_cat":[43],"product_tag":[],"class_list":{"0":"post-463","1":"product","2":"type-product","3":"status-publish","4":"has-post-thumbnail","6":"product_cat-geformte-knoedel","8":"first","9":"outofstock","10":"product-type-simple"},"acf":[],"_links":{"self":[{"href":"https:\/\/burgis.de\/gv\/wp-json\/wp\/v2\/product\/463","targetHints":{"allow":["GET"]}}],"collection":[{"href":"https:\/\/burgis.de\/gv\/wp-json\/wp\/v2\/product"}],"about":[{"href":"https:\/\/burgis.de\/gv\/wp-json\/wp\/v2\/types\/product"}],"wp:featuredmedia":[{"embeddable":true,"href":"https:\/\/burgis.de\/gv\/wp-json\/wp\/v2\/media\/1726"}],"wp:attachment":[{"href":"https:\/\/burgis.de\/gv\/wp-json\/wp\/v2\/media?parent=463"}],"wp:term":[{"taxonomy":"product_brand","embeddable":true,"href":"https:\/\/burgis.de\/gv\/wp-json\/wp\/v2\/product_brand?post=463"},{"taxonomy":"product_cat","embeddable":true,"href":"https:\/\/burgis.de\/gv\/wp-json\/wp\/v2\/product_cat?post=463"},{"taxonomy":"product_tag","embeddable":true,"href":"https:\/\/burgis.de\/gv\/wp-json\/wp\/v2\/product_tag?post=463"}],"curies":[{"name":"wp","href":"https:\/\/api.w.org\/{rel}","templated":true}]}}