{"id":466,"date":"2022-03-28T18:54:19","date_gmt":"2022-03-28T16:54:19","guid":{"rendered":"https:\/\/burgis.de\/gv\/?post_type=product&#038;p=466"},"modified":"2025-09-03T10:18:45","modified_gmt":"2025-09-03T08:18:45","slug":"semmelknoedel","status":"publish","type":"product","link":"https:\/\/burgis.de\/gv\/produkt\/semmelknoedel\/","title":{"rendered":"Semmelkn\u00f6del"},"content":{"rendered":"<ul>\n<li>Vegetarisch<\/li>\n<li>Laktosefrei<\/li>\n<li>Ohne Zusatz von Geschmacksverst\u00e4rker, lt. Handelsbrauch<\/li>\n<li>Ohne Zusatz von Farbstoffen<\/li>\n<li>Erh\u00e4ltlich in folgenden Kn\u00f6delgr\u00f6\u00dfen:\n<ul>\n<li>90 g (20 Kn\u00f6del pro Packung) Art.-Nr. 500692<\/li>\n<li>150 g (16 Kn\u00f6del pro Packung) Art.-Nr. 500242<\/li>\n<\/ul>\n<\/li>\n<\/ul>\n<p>Wenn man an Bayern denkt, denkt man an Semmelkn\u00f6del. Mit Burgis l\u00e4sst sich diese raffinierte Spezialit\u00e4t jetzt ohne gro\u00dfen Aufwand auf den Teller zaubern. Die Verwendung von besten regionalen Zutaten und die original bayerische Rezeptur machen Burgis Semmelkn\u00f6del zur idealen Beilage f\u00fcr viele klassische Bratengerichte. In Kombination zu Pilzgerichten eignen sich die Semmelkn\u00f6del auch f\u00fcr vegetarische G\u00e4ste hervorragend. Je nach Gericht und Vorliebe kann zwischen 90g und 150g Semmelkn\u00f6del gew\u00e4hlt werden.<\/p>","protected":false},"excerpt":{"rendered":"<p>Fix &amp; fertig, einfach und schnell zubereitet<\/p>","protected":false},"featured_media":1725,"template":"","meta":{"_acf_changed":false,"_seopress_robots_primary_cat":"none","_seopress_titles_title":"","_seopress_titles_desc":"Genie\u00dfen Sie unsere Semmelkn\u00f6del \u2013 die klassische Beilage f\u00fcr herzhaftes Essen! Einfach zuzubereiten und perfekt f\u00fcr Ihr n\u00e4chstes Festmahl.","_seopress_robots_index":""},"product_brand":[],"product_cat":[43],"product_tag":[],"class_list":{"0":"post-466","1":"product","2":"type-product","3":"status-publish","4":"has-post-thumbnail","6":"product_cat-geformte-knoedel","8":"first","9":"outofstock","10":"product-type-simple"},"acf":[],"_links":{"self":[{"href":"https:\/\/burgis.de\/gv\/wp-json\/wp\/v2\/product\/466","targetHints":{"allow":["GET"]}}],"collection":[{"href":"https:\/\/burgis.de\/gv\/wp-json\/wp\/v2\/product"}],"about":[{"href":"https:\/\/burgis.de\/gv\/wp-json\/wp\/v2\/types\/product"}],"wp:featuredmedia":[{"embeddable":true,"href":"https:\/\/burgis.de\/gv\/wp-json\/wp\/v2\/media\/1725"}],"wp:attachment":[{"href":"https:\/\/burgis.de\/gv\/wp-json\/wp\/v2\/media?parent=466"}],"wp:term":[{"taxonomy":"product_brand","embeddable":true,"href":"https:\/\/burgis.de\/gv\/wp-json\/wp\/v2\/product_brand?post=466"},{"taxonomy":"product_cat","embeddable":true,"href":"https:\/\/burgis.de\/gv\/wp-json\/wp\/v2\/product_cat?post=466"},{"taxonomy":"product_tag","embeddable":true,"href":"https:\/\/burgis.de\/gv\/wp-json\/wp\/v2\/product_tag?post=466"}],"curies":[{"name":"wp","href":"https:\/\/api.w.org\/{rel}","templated":true}]}}