{"id":472,"date":"2022-03-28T18:57:02","date_gmt":"2022-03-28T16:57:02","guid":{"rendered":"https:\/\/burgis.de\/gv\/?post_type=product&#038;p=472"},"modified":"2025-09-03T10:16:47","modified_gmt":"2025-09-03T08:16:47","slug":"knoedelinos","status":"publish","type":"product","link":"https:\/\/burgis.de\/gv\/produkt\/knoedelinos\/","title":{"rendered":"Kn\u00f6delinos"},"content":{"rendered":"<ul>\n<li>Vegan<\/li>\n<li>Glutenfrei, Laktosefrei<\/li>\n<li>Ausgezeichnet mit dem Qualit\u00e4tssiegel \u201eGepr\u00fcfte Qualit\u00e4t &#8211; Bayern&#8220;<\/li>\n<li>Ohne Zusatz von Geschmacksverst\u00e4rker, lt. Handelsbrauch<\/li>\n<li>Ohne Zusatz von Farbstoffen<\/li>\n<li>Packungsinhalt 1,5 kg (ca. 60 Kn\u00f6delinos\u00ae \u00e0 25 g)<\/li>\n<li>Art.-Nr.: 500449<\/li>\n<\/ul>\n<p>Magischer Genuss f\u00fcr Gro\u00df und Klein: Die Burgis Kn\u00f6delinos\u00ae werden zu 100 % aus frischen Kartoffeln hergestellt, die mit dem Qualit\u00e4tssiegel \u201eGepr\u00fcfte Qualit\u00e4t \u2013 Bayern\u201c ausgezeichnet sind.<\/p>\n<p>Apropos ausgezeichnet: Genau so schmecken sie auch. Egal, ob als leckere, gesunde Beilage zu Braten- und So\u00dfen-Gerichten oder als kreative Zutat etwa in einem Salat. Besonders zauberhaft: Kn\u00f6delinos\u00ae sind in wenigen Minuten zubereitet. Wir w\u00fcnschen einen magischen Appetit!<\/p>","protected":false},"excerpt":{"rendered":"<p>Zauberhaft leckere Mini-Kn\u00f6del aus frischen Kartoffeln<\/p>","protected":false},"featured_media":1710,"template":"","meta":{"_acf_changed":false,"_seopress_robots_primary_cat":"none","_seopress_titles_title":"Kn\u00f6ldeinos f\u00fcr Gro\u00dfverbraucher | Burgis","_seopress_titles_desc":"Zauberhaft leckere Mini-Kn\u00f6del aus frischen Kartoffeln. Die Burgis Kn\u00f6delinos sind ein magischer Genuss f\u00fcr Gro\u00df und Klein.","_seopress_robots_index":""},"product_brand":[],"product_cat":[43],"product_tag":[],"class_list":{"0":"post-472","1":"product","2":"type-product","3":"status-publish","4":"has-post-thumbnail","6":"product_cat-geformte-knoedel","8":"first","9":"outofstock","10":"product-type-simple"},"acf":[],"_links":{"self":[{"href":"https:\/\/burgis.de\/gv\/wp-json\/wp\/v2\/product\/472","targetHints":{"allow":["GET"]}}],"collection":[{"href":"https:\/\/burgis.de\/gv\/wp-json\/wp\/v2\/product"}],"about":[{"href":"https:\/\/burgis.de\/gv\/wp-json\/wp\/v2\/types\/product"}],"wp:featuredmedia":[{"embeddable":true,"href":"https:\/\/burgis.de\/gv\/wp-json\/wp\/v2\/media\/1710"}],"wp:attachment":[{"href":"https:\/\/burgis.de\/gv\/wp-json\/wp\/v2\/media?parent=472"}],"wp:term":[{"taxonomy":"product_brand","embeddable":true,"href":"https:\/\/burgis.de\/gv\/wp-json\/wp\/v2\/product_brand?post=472"},{"taxonomy":"product_cat","embeddable":true,"href":"https:\/\/burgis.de\/gv\/wp-json\/wp\/v2\/product_cat?post=472"},{"taxonomy":"product_tag","embeddable":true,"href":"https:\/\/burgis.de\/gv\/wp-json\/wp\/v2\/product_tag?post=472"}],"curies":[{"name":"wp","href":"https:\/\/api.w.org\/{rel}","templated":true}]}}