{"id":478,"date":"2022-03-28T18:59:26","date_gmt":"2022-03-28T16:59:26","guid":{"rendered":"https:\/\/burgis.de\/gv\/?post_type=product&#038;p=478"},"modified":"2025-09-03T10:20:00","modified_gmt":"2025-09-03T08:20:00","slug":"eierspaetzle","status":"publish","type":"product","link":"https:\/\/burgis.de\/gv\/produkt\/eierspaetzle\/","title":{"rendered":"Eiersp\u00e4tzle"},"content":{"rendered":"<ul>\n<li>Vegetarisch<\/li>\n<li>Laktosefrei<\/li>\n<li>Eier aus Bodenhaltung<\/li>\n<li>Ohne Zusatz von Geschmacksverst\u00e4rker, lt. Handelsbrauch<\/li>\n<li>Ohne Zusatz von Farbstoffen<\/li>\n<li>Erh\u00e4ltlich in den Packungsgr\u00f6\u00dfen:\n<ul>\n<li>1 kg (Art.-Nr. 300114)<\/li>\n<li>2,5 kg (Art.-Nr. 300115)<\/li>\n<\/ul>\n<\/li>\n<\/ul>\n<p>Burgis Eiersp\u00e4tzle sind bereits pfannenfertig zubereitet und in nur wenigen Minuten serviert. Das Geheimnis des au\u00dfergew\u00f6hnlichen Geschmacks: Burgis Eiersp\u00e4tzle werden nach eigenem Rezept aus Hartweizengrie\u00df hergestellt. Sie sind naturbelassen und ohne Konservierungsstoffe \u2013 wie hausgemacht! Damit die Eiersp\u00e4tzle nie ausgehen, gibt es sie sowohl im 1 kg als auch im 2,5 kg Beutel.<\/p>","protected":false},"excerpt":{"rendered":"<p>Pfannenfertig &#8211; Die hat man zum Brutzeln gern!<\/p>","protected":false},"featured_media":1711,"template":"","meta":{"_acf_changed":false,"_seopress_robots_primary_cat":"none","_seopress_titles_title":"","_seopress_titles_desc":"Genie\u00dfen Sie unsere k\u00f6stlichen Eiersp\u00e4tzle \u2013 perfekt als Beilage oder Hauptgericht! Frisch zubereitet, geschmackvoll und ideal f\u00fcr jede Gelegenheit.","_seopress_robots_index":""},"product_brand":[],"product_cat":[44],"product_tag":[],"class_list":{"0":"post-478","1":"product","2":"type-product","3":"status-publish","4":"has-post-thumbnail","6":"product_cat-teigware","8":"first","9":"outofstock","10":"taxable","11":"shipping-taxable","12":"product-type-simple"},"acf":[],"_links":{"self":[{"href":"https:\/\/burgis.de\/gv\/wp-json\/wp\/v2\/product\/478","targetHints":{"allow":["GET"]}}],"collection":[{"href":"https:\/\/burgis.de\/gv\/wp-json\/wp\/v2\/product"}],"about":[{"href":"https:\/\/burgis.de\/gv\/wp-json\/wp\/v2\/types\/product"}],"wp:featuredmedia":[{"embeddable":true,"href":"https:\/\/burgis.de\/gv\/wp-json\/wp\/v2\/media\/1711"}],"wp:attachment":[{"href":"https:\/\/burgis.de\/gv\/wp-json\/wp\/v2\/media?parent=478"}],"wp:term":[{"taxonomy":"product_brand","embeddable":true,"href":"https:\/\/burgis.de\/gv\/wp-json\/wp\/v2\/product_brand?post=478"},{"taxonomy":"product_cat","embeddable":true,"href":"https:\/\/burgis.de\/gv\/wp-json\/wp\/v2\/product_cat?post=478"},{"taxonomy":"product_tag","embeddable":true,"href":"https:\/\/burgis.de\/gv\/wp-json\/wp\/v2\/product_tag?post=478"}],"curies":[{"name":"wp","href":"https:\/\/api.w.org\/{rel}","templated":true}]}}