{"id":481,"date":"2022-03-28T19:00:36","date_gmt":"2022-03-28T17:00:36","guid":{"rendered":"https:\/\/burgis.de\/gv\/?post_type=product&#038;p=481"},"modified":"2025-09-03T10:21:24","modified_gmt":"2025-09-03T08:21:24","slug":"eierspaetzle-knoepfle","status":"publish","type":"product","link":"https:\/\/burgis.de\/gv\/produkt\/eierspaetzle-knoepfle\/","title":{"rendered":"Eiersp\u00e4tzle Kn\u00f6pfle"},"content":{"rendered":"<ul>\n<li>Vegetarisch<\/li>\n<li>Laktosefrei<\/li>\n<li>Eier aus Bodenhaltung<\/li>\n<li>Ohne Zusatz von Geschmacksverst\u00e4rker, lt. Handelsbrauch<\/li>\n<li>Ohne Zusatz von Farbstoffen<\/li>\n<li>Ohne deklarationspflichtige Zusatzstoffe (gem. \u00a79 ZZulV)<\/li>\n<li>Packungsinhalt: 2,5 kg<\/li>\n<li>Art.-Nr. 300171<\/li>\n<\/ul>\n<p>Burgis Kn\u00f6pfle kann man guten Gewissens als die kleine, feine Variante der Sp\u00e4tzle bezeichnen. Denn auch f\u00fcr die goldgelben Mini-Schmankerl haben wir einen besonders hohen Anteil an frischen Eiern aus Bodenhaltung verwendet. Und das schmeckt man! Egal, ob man sie in der Pfanne, in der Mikrowelle oder im Dampfgarer zubereitet: Burgis Kn\u00f6pfle sind in Minutenschnelle fertig und immer eine wohlschmeckende Abwechslung.<\/p>","protected":false},"excerpt":{"rendered":"<p>Die kleinen feinen Kn\u00f6pfle<\/p>","protected":false},"featured_media":1713,"template":"","meta":{"_acf_changed":false,"_seopress_robots_primary_cat":"none","_seopress_titles_title":"Eiersp\u00e4tzle Kn\u00f6pfle | Burgis","_seopress_titles_desc":"Burgis Kn\u00f6pfle sind in Minutenschnelle fertig und immer eine wohlschmeckende Abwechslung. Schon probiert?","_seopress_robots_index":""},"product_brand":[],"product_cat":[44],"product_tag":[],"class_list":{"0":"post-481","1":"product","2":"type-product","3":"status-publish","4":"has-post-thumbnail","6":"product_cat-teigware","8":"first","9":"outofstock","10":"product-type-simple"},"acf":[],"_links":{"self":[{"href":"https:\/\/burgis.de\/gv\/wp-json\/wp\/v2\/product\/481","targetHints":{"allow":["GET"]}}],"collection":[{"href":"https:\/\/burgis.de\/gv\/wp-json\/wp\/v2\/product"}],"about":[{"href":"https:\/\/burgis.de\/gv\/wp-json\/wp\/v2\/types\/product"}],"wp:featuredmedia":[{"embeddable":true,"href":"https:\/\/burgis.de\/gv\/wp-json\/wp\/v2\/media\/1713"}],"wp:attachment":[{"href":"https:\/\/burgis.de\/gv\/wp-json\/wp\/v2\/media?parent=481"}],"wp:term":[{"taxonomy":"product_brand","embeddable":true,"href":"https:\/\/burgis.de\/gv\/wp-json\/wp\/v2\/product_brand?post=481"},{"taxonomy":"product_cat","embeddable":true,"href":"https:\/\/burgis.de\/gv\/wp-json\/wp\/v2\/product_cat?post=481"},{"taxonomy":"product_tag","embeddable":true,"href":"https:\/\/burgis.de\/gv\/wp-json\/wp\/v2\/product_tag?post=481"}],"curies":[{"name":"wp","href":"https:\/\/api.w.org\/{rel}","templated":true}]}}