{"id":484,"date":"2022-03-28T19:01:41","date_gmt":"2022-03-28T17:01:41","guid":{"rendered":"https:\/\/burgis.de\/gv\/?post_type=product&#038;p=484"},"modified":"2025-09-03T10:20:39","modified_gmt":"2025-09-03T08:20:39","slug":"eierspaetzle-schwaebische-art","status":"publish","type":"product","link":"https:\/\/burgis.de\/gv\/produkt\/eierspaetzle-schwaebische-art\/","title":{"rendered":"Eiersp\u00e4tzle \u201eSchw\u00e4bische Art\u201c"},"content":{"rendered":"<ul>\n<li>Vegetarisch<\/li>\n<li>Laktosefrei<\/li>\n<li>Eier aus Bodenhaltung<\/li>\n<li>Ohne Zusatz von Geschmacksverst\u00e4rker, lt. Handelsbrauch<\/li>\n<li>Ohne Zusatz von Farbstoffen<\/li>\n<li>Ohne deklarationspflichtige Zusatzstoffe (gem. \u00a79 ZZulV)<\/li>\n<li>Packungsinhalt: 2,5 kg<\/li>\n<li>Art.-Nr. 300439<\/li>\n<\/ul>\n<p>Nicht nur im Schwabenland, auch in anderen Regionen, ist man sich einig: je mehr frische Eier im Teig landen, desto besser werden auch die Sp\u00e4tzle. Diese Weisheit haben wir uns f\u00fcr die Eiersp\u00e4tzle \u201eSchw\u00e4bische Art\u201c zu Herzen genommen und bei dieser Spezialit\u00e4t besonders viel Liebe und Eier reingesteckt. Und zwar ausschlie\u00dflich Eier aus Bodenhaltung. Deshalb schmecken diese goldgelben Klassiker auch wie hausgemacht \u2013 egal, ob als Beilage zu klassischen So\u00dfengerichten oder als Hauptgericht in Form von K\u00e4sesp\u00e4tzle. \u00dcberzeugen Sie sich selbst!<\/p>","protected":false},"excerpt":{"rendered":"<p>Wie handgeschabt<\/p>","protected":false},"featured_media":1712,"template":"","meta":{"_acf_changed":false,"_seopress_robots_primary_cat":"none","_seopress_titles_title":"Eiersp\u00e4tzle \u201eSchw\u00e4bische Art\u201c | Burgis","_seopress_titles_desc":"Burgis Eiersp\u00e4tze schmecken wie hausgemacht \u2013 egal, ob als Beilage oder als Hauptgericht. \u00dcberzeugen Sie sich selbst!","_seopress_robots_index":""},"product_brand":[],"product_cat":[44],"product_tag":[],"class_list":{"0":"post-484","1":"product","2":"type-product","3":"status-publish","4":"has-post-thumbnail","6":"product_cat-teigware","8":"first","9":"outofstock","10":"product-type-simple"},"acf":[],"_links":{"self":[{"href":"https:\/\/burgis.de\/gv\/wp-json\/wp\/v2\/product\/484","targetHints":{"allow":["GET"]}}],"collection":[{"href":"https:\/\/burgis.de\/gv\/wp-json\/wp\/v2\/product"}],"about":[{"href":"https:\/\/burgis.de\/gv\/wp-json\/wp\/v2\/types\/product"}],"wp:featuredmedia":[{"embeddable":true,"href":"https:\/\/burgis.de\/gv\/wp-json\/wp\/v2\/media\/1712"}],"wp:attachment":[{"href":"https:\/\/burgis.de\/gv\/wp-json\/wp\/v2\/media?parent=484"}],"wp:term":[{"taxonomy":"product_brand","embeddable":true,"href":"https:\/\/burgis.de\/gv\/wp-json\/wp\/v2\/product_brand?post=484"},{"taxonomy":"product_cat","embeddable":true,"href":"https:\/\/burgis.de\/gv\/wp-json\/wp\/v2\/product_cat?post=484"},{"taxonomy":"product_tag","embeddable":true,"href":"https:\/\/burgis.de\/gv\/wp-json\/wp\/v2\/product_tag?post=484"}],"curies":[{"name":"wp","href":"https:\/\/api.w.org\/{rel}","templated":true}]}}