{"id":487,"date":"2022-03-28T19:03:00","date_gmt":"2022-03-28T17:03:00","guid":{"rendered":"https:\/\/burgis.de\/gv\/?post_type=product&#038;p=487"},"modified":"2025-03-12T09:01:38","modified_gmt":"2025-03-12T08:01:38","slug":"gnocchi","status":"publish","type":"product","link":"https:\/\/burgis.de\/gv\/produkt\/gnocchi\/","title":{"rendered":"Gnocchi"},"content":{"rendered":"<ul>\n<li>Vegetarisch<\/li>\n<li>Laktosefrei<\/li>\n<li>Ohne Zusatz von Geschmacksverst\u00e4rker, lt. Handelsbrauch<\/li>\n<li>Ohne Zusatz von Farbstoffen<\/li>\n<li>Ohne deklarationspflichtige Zusatzstoffe (gem. \u00a79 ZZulV)<\/li>\n<li>Packungsinhalt: 1 kg<\/li>\n<li>Art.-Nr. 300197<\/li>\n<\/ul>\n<p>Jetzt wird\u2019s italienisch! Mit den Gnocchi in der 1 kg-Packung bringt Burgis ein St\u00fcck s\u00fcdl\u00e4ndische K\u00fcche auf den Teller. Die kleinen Kartoffel-Nocken sind das italienische Pendant zu den bayerischen Kartoffelkl\u00f6\u00dfen und schmecken hervorragend ganz klassisch mit Salbeibutter oder Tomatenso\u00dfe, aber auch mit deftiger So\u00dfe. Die Gnocchi sind von Natur aus vegetarisch und eignen sich ebenfalls f\u00fcr eine laktosefreie Ern\u00e4hrung.<\/p>","protected":false},"excerpt":{"rendered":"<p>La dolce vita<\/p>","protected":false},"featured_media":1714,"template":"","meta":{"_acf_changed":false,"_seopress_robots_primary_cat":"none","_seopress_titles_title":"Gnocchi | Burgis","_seopress_titles_desc":"La dolce vita! Mit den Burgis Gnocchi bringen wir italienischen Genuss auf die Teller und f\u00fchren den Gaumen auf eine kleine Geschmacksreise.","_seopress_robots_index":""},"product_brand":[],"product_cat":[44],"product_tag":[],"class_list":{"0":"post-487","1":"product","2":"type-product","3":"status-publish","4":"has-post-thumbnail","6":"product_cat-teigware","8":"first","9":"outofstock","10":"product-type-simple"},"acf":[],"_links":{"self":[{"href":"https:\/\/burgis.de\/gv\/wp-json\/wp\/v2\/product\/487","targetHints":{"allow":["GET"]}}],"collection":[{"href":"https:\/\/burgis.de\/gv\/wp-json\/wp\/v2\/product"}],"about":[{"href":"https:\/\/burgis.de\/gv\/wp-json\/wp\/v2\/types\/product"}],"wp:featuredmedia":[{"embeddable":true,"href":"https:\/\/burgis.de\/gv\/wp-json\/wp\/v2\/media\/1714"}],"wp:attachment":[{"href":"https:\/\/burgis.de\/gv\/wp-json\/wp\/v2\/media?parent=487"}],"wp:term":[{"taxonomy":"product_brand","embeddable":true,"href":"https:\/\/burgis.de\/gv\/wp-json\/wp\/v2\/product_brand?post=487"},{"taxonomy":"product_cat","embeddable":true,"href":"https:\/\/burgis.de\/gv\/wp-json\/wp\/v2\/product_cat?post=487"},{"taxonomy":"product_tag","embeddable":true,"href":"https:\/\/burgis.de\/gv\/wp-json\/wp\/v2\/product_tag?post=487"}],"curies":[{"name":"wp","href":"https:\/\/api.w.org\/{rel}","templated":true}]}}