{"id":493,"date":"2022-03-28T19:05:08","date_gmt":"2022-03-28T17:05:08","guid":{"rendered":"https:\/\/burgis.de\/gv\/?post_type=product&#038;p=493"},"modified":"2025-03-12T09:03:30","modified_gmt":"2025-03-12T08:03:30","slug":"burgis-roher-klossteig-tk","status":"publish","type":"product","link":"https:\/\/burgis.de\/gv\/produkt\/burgis-roher-klossteig-tk\/","title":{"rendered":"Burgis roher Klo\u00dfteig TK"},"content":{"rendered":"<h4>Das Urprodukt, das wie von Oma schmeckt.<\/h4>\n<ul>\n<li>Vegan<\/li>\n<li>Glutenfrei, laktosefrei<\/li>\n<li>Ausgezeichnet mit dem Qualit\u00e4tssiegel \u201eGepr\u00fcfte Qualit\u00e4t \u2013 Bayern\u201c<\/li>\n<li>Ohne Zusatz von Geschmacksverst\u00e4rker, lt. Handelsbrauch<\/li>\n<li>Ohne Zusatz von Farbstoffen<\/li>\n<li>Erh\u00e4ltlich als 1 kg-Packung<\/li>\n<li>Art.-Nr. 500103<\/li>\n<\/ul>\n<p>Der Burgis rohe Klo\u00dfteig l\u00e4sst sich ganz nach Ihrem Geschmack formen. Entweder f\u00fcr leckere Kartoffelkl\u00f6\u00dfe oder Kartoffelpuffer \u2013 das bestimmen Sie ganz allein. F\u00fcr den rohen Klo\u00dfteig verwenden wir ausschlie\u00dflich gepr\u00fcfte Speisekartoffeln aus kontrolliertem, integrierten Vertragsanbau, ausgezeichnet mit dem Qualit\u00e4tssiegel \u201cGepr\u00fcfte Qualit\u00e4t \u2013 Bayern\u201d. Diese Qualit\u00e4t schmecken Sie ganz bestimmt!<\/p>","protected":false},"excerpt":{"rendered":"<header class=\"header\" role=\"banner\">\n<div class=\"header-image header-subpage skrollable skrollable-between\" data-0-start=\"height:500px;\" data-200-start=\"height:150px;\">\n<div class=\"header-text-wrapper\">\n<p>Das Urprodukt aus frisch geriebenen Kartoffeln<\/p>\n<\/div>\n<\/div>\n<\/header>","protected":false},"featured_media":1716,"template":"","meta":{"_acf_changed":false,"_seopress_robots_primary_cat":"none","_seopress_titles_title":"Burgis roher Klo\u00dfteig TK | Burgis","_seopress_titles_desc":"Das Urprodukt, das schmeckt, wie bei Oma. Der rohe Klo\u00dfteig TK eignet sich vom Kartoffelklo\u00df bis zum Kartoffelpuffer und zaubert gro\u00dfen Genuss.","_seopress_robots_index":""},"product_brand":[],"product_cat":[45],"product_tag":[],"class_list":{"0":"post-493","1":"product","2":"type-product","3":"status-publish","4":"has-post-thumbnail","6":"product_cat-tiefkuehlknoedel","8":"first","9":"outofstock","10":"product-type-simple"},"acf":[],"_links":{"self":[{"href":"https:\/\/burgis.de\/gv\/wp-json\/wp\/v2\/product\/493","targetHints":{"allow":["GET"]}}],"collection":[{"href":"https:\/\/burgis.de\/gv\/wp-json\/wp\/v2\/product"}],"about":[{"href":"https:\/\/burgis.de\/gv\/wp-json\/wp\/v2\/types\/product"}],"wp:featuredmedia":[{"embeddable":true,"href":"https:\/\/burgis.de\/gv\/wp-json\/wp\/v2\/media\/1716"}],"wp:attachment":[{"href":"https:\/\/burgis.de\/gv\/wp-json\/wp\/v2\/media?parent=493"}],"wp:term":[{"taxonomy":"product_brand","embeddable":true,"href":"https:\/\/burgis.de\/gv\/wp-json\/wp\/v2\/product_brand?post=493"},{"taxonomy":"product_cat","embeddable":true,"href":"https:\/\/burgis.de\/gv\/wp-json\/wp\/v2\/product_cat?post=493"},{"taxonomy":"product_tag","embeddable":true,"href":"https:\/\/burgis.de\/gv\/wp-json\/wp\/v2\/product_tag?post=493"}],"curies":[{"name":"wp","href":"https:\/\/api.w.org\/{rel}","templated":true}]}}