{"id":499,"date":"2022-03-28T19:06:54","date_gmt":"2022-03-28T17:06:54","guid":{"rendered":"https:\/\/burgis.de\/gv\/?post_type=product&#038;p=499"},"modified":"2022-07-25T11:25:52","modified_gmt":"2022-07-25T09:25:52","slug":"kartoffelkloesse","status":"publish","type":"product","link":"https:\/\/burgis.de\/gv\/produkt\/kartoffelkloesse\/","title":{"rendered":"Kartoffelkl\u00f6\u00dfe"},"content":{"rendered":"<h4>Der Klassiker f\u00fcr den Alltag!<\/h4>\n<ul>\n<li>Vegan<\/li>\n<li>Glutenfrei, Laktosefrei<\/li>\n<li>Ausgezeichnet mit dem Qualit\u00e4tssiegel \u201eGepr\u00fcfte Qualit\u00e4t \u2013 Bayern\u201c<\/li>\n<li>Ohne Zusatz von Geschmacksverst\u00e4rker, lt. Handelsbrauch<\/li>\n<li>Ohne Zusatz von Farbstoffen<\/li>\n<li>Erh\u00e4ltlich in folgende Packungsgr\u00f6\u00dfen:\n<ul>\n<li>20&#215;75 g Kn\u00f6del pro Packung (Art.-Nr. 500154)<\/li>\n<li>20&#215;90 g Kn\u00f6del pro Packung (Art.-Nr. 500451)<\/li>\n<\/ul>\n<\/li>\n<\/ul>\n<p>Burgis Kartoffelkl\u00f6\u00dfe werden aus frisch geriebenen Kartoffeln hergestellt und sind auch als Tiefk\u00fchlkost ein einzigartiges Geschmackserlebnis! Sie sind ein Hochgenuss zu deftigem Braten, Wild, Gans und Ente.<\/p>","protected":false},"excerpt":{"rendered":"<header class=\"header\" role=\"banner\">\n<div class=\"header-image header-subpage skrollable skrollable-between\" data-0-start=\"height:500px;\" data-200-start=\"height:150px;\">\n<div class=\"header-text-wrapper\">\n<p>Gastro-Qualit\u00e4t<\/p>\n<\/div>\n<\/div>\n<\/header>","protected":false},"featured_media":498,"template":"","meta":{"_acf_changed":false,"_seopress_robots_primary_cat":"none","_seopress_titles_title":"Kartoffelkl\u00f6\u00dfe | Burgis","_seopress_titles_desc":"Burgis Kartoffelkl\u00f6\u00dfe in Gastro Qualit\u00e4t sind ein Hochgenuss zu deftigem Braten, Wild, Gans und Ente.","_seopress_robots_index":""},"product_brand":[],"product_cat":[45],"product_tag":[],"class_list":{"0":"post-499","1":"product","2":"type-product","3":"status-publish","4":"has-post-thumbnail","6":"product_cat-tiefkuehlknoedel","8":"first","9":"outofstock","10":"product-type-simple"},"acf":[],"_links":{"self":[{"href":"https:\/\/burgis.de\/gv\/wp-json\/wp\/v2\/product\/499","targetHints":{"allow":["GET"]}}],"collection":[{"href":"https:\/\/burgis.de\/gv\/wp-json\/wp\/v2\/product"}],"about":[{"href":"https:\/\/burgis.de\/gv\/wp-json\/wp\/v2\/types\/product"}],"wp:featuredmedia":[{"embeddable":true,"href":"https:\/\/burgis.de\/gv\/wp-json\/wp\/v2\/media\/498"}],"wp:attachment":[{"href":"https:\/\/burgis.de\/gv\/wp-json\/wp\/v2\/media?parent=499"}],"wp:term":[{"taxonomy":"product_brand","embeddable":true,"href":"https:\/\/burgis.de\/gv\/wp-json\/wp\/v2\/product_brand?post=499"},{"taxonomy":"product_cat","embeddable":true,"href":"https:\/\/burgis.de\/gv\/wp-json\/wp\/v2\/product_cat?post=499"},{"taxonomy":"product_tag","embeddable":true,"href":"https:\/\/burgis.de\/gv\/wp-json\/wp\/v2\/product_tag?post=499"}],"curies":[{"name":"wp","href":"https:\/\/api.w.org\/{rel}","templated":true}]}}