{"id":501,"date":"2022-03-28T19:07:33","date_gmt":"2022-03-28T17:07:33","guid":{"rendered":"https:\/\/burgis.de\/gv\/?post_type=product&#038;p=501"},"modified":"2026-04-21T09:49:46","modified_gmt":"2026-04-21T07:49:46","slug":"geformte-bio-kartoffelknoedel","status":"publish","type":"product","link":"https:\/\/burgis.de\/gv\/produkt\/geformte-bio-kartoffelknoedel\/","title":{"rendered":"Geformte Bio-Kartoffelkn\u00f6del"},"content":{"rendered":"<h4>Ein wahres Fest f\u00fcr den Gaumen.<\/h4>\n<ul>\n<li>Vegan<\/li>\n<li>Glutenfrei, Laktosefrei<\/li>\n<li>Ausgezeichnet mit den Qualit\u00e4tssiegeln \u201eBioland\u201c, \u201eEU-BIO\u201c und \u201eBayerisches Bio-Siegel\u201c<\/li>\n<li>Ohne Zusatz von Geschmacksverst\u00e4rker, lt. Handelsbrauch<\/li>\n<li>Ohne Zusatz von Farbstoffen<\/li>\n<li>Packungsinhalt: 20 Kn\u00f6del \u00e0 75g<\/li>\n<li>Art.-Nr. 500485<\/li>\n<\/ul>\n<p>Dieser festliche Genuss wird aus frisch geriebenen Kartoffeln hergestellt, die aus dem integrierten Burgis Vertragsanbau stammen. Die Bio-Kartoffelkn\u00f6del sind von Natur aus vegan und eignen sich zudem f\u00fcr eine gluten- oder laktosefreie Ern\u00e4hrungsweise. Da steht dem bewussten Kn\u00f6delgenuss nichts mehr im Wege: Nur die beste Qualit\u00e4t, auch in den Bio-Kartoffelkn\u00f6del aus der Tiefk\u00fchltruhe!<\/p>\n<p>Unsere Bio-Kartoffelkn\u00f6del wurden von der Fachjury des <a href=\"https:\/\/www.magazin-kueche.de\/news\/aktuelles\/kueche-best-product-green-award-2023-bio-kartoffelknoedel-von-burgis-mit-goldmedaille-ausgezeichnet\/\" target=\"_blank\" rel=\"noopener\">K\u00fcche Best Product Green Awards<\/a> in der Kategorie Food mit einer Goldmedaille ausgezeichnet.<\/p>\n<p><img loading=\"lazy\" decoding=\"async\" class=\"alignleft wp-image-1105 size-thumbnail\" src=\"https:\/\/burgis.de\/app\/uploads\/sites\/2\/2022\/03\/gold-23-150x150.png\" alt=\"\" width=\"150\" height=\"150\" srcset=\"https:\/\/burgis.de\/app\/uploads\/sites\/2\/2022\/03\/gold-23-150x150.png 150w,  https:\/\/burgis.de\/app\/uploads\/sites\/2\/2022\/03\/gold-23-300x300.png 300w,  https:\/\/burgis.de\/app\/uploads\/sites\/2\/2022\/03\/gold-23-100x100.png 100w,  https:\/\/burgis.de\/app\/uploads\/sites\/2\/2022\/03\/gold-23.png 759w\" sizes=\"auto, (max-width: 150px) 100vw, 150px\" \/><\/p>\n<p><img loading=\"lazy\" decoding=\"async\" class=\"aligncenter wp-image-66480 size-full\" src=\"https:\/\/burgis.de\/app\/uploads\/2021\/03\/Bio-Siegel-HP.png\" alt=\"Verschiedene Siegel\" width=\"1300\" height=\"244\" \/><\/p>","protected":false},"excerpt":{"rendered":"<header class=\"header\" role=\"banner\">\n<div class=\"header-image header-subpage skrollable skrollable-between\" data-0-start=\"height:500px;\" data-200-start=\"height:150px;\">\n<div class=\"header-text-wrapper\">\n<p>Halb &amp; halb, aus frischen, bayerischen Kartoffeln<\/p>\n<\/div>\n<\/div>\n<\/header>","protected":false},"featured_media":498,"template":"","meta":{"_acf_changed":false,"_seopress_robots_primary_cat":"none","_seopress_titles_title":"Geformte Bio-Kartoffelkn\u00f6del | Burgis","_seopress_titles_desc":"Die Bio-Kartoffelkn\u00f6del sind von Natur aus vegan und eignen sich f\u00fcr eine gluten- oder laktosefreie Ern\u00e4hrungsweise. Schnell zubereitet, super lecker.","_seopress_robots_index":""},"product_brand":[],"product_cat":[45],"product_tag":[],"class_list":{"0":"post-501","1":"product","2":"type-product","3":"status-publish","4":"has-post-thumbnail","6":"product_cat-tiefkuehlknoedel","8":"first","9":"outofstock","10":"product-type-simple"},"acf":[],"_links":{"self":[{"href":"https:\/\/burgis.de\/gv\/wp-json\/wp\/v2\/product\/501","targetHints":{"allow":["GET"]}}],"collection":[{"href":"https:\/\/burgis.de\/gv\/wp-json\/wp\/v2\/product"}],"about":[{"href":"https:\/\/burgis.de\/gv\/wp-json\/wp\/v2\/types\/product"}],"wp:featuredmedia":[{"embeddable":true,"href":"https:\/\/burgis.de\/gv\/wp-json\/wp\/v2\/media\/498"}],"wp:attachment":[{"href":"https:\/\/burgis.de\/gv\/wp-json\/wp\/v2\/media?parent=501"}],"wp:term":[{"taxonomy":"product_brand","embeddable":true,"href":"https:\/\/burgis.de\/gv\/wp-json\/wp\/v2\/product_brand?post=501"},{"taxonomy":"product_cat","embeddable":true,"href":"https:\/\/burgis.de\/gv\/wp-json\/wp\/v2\/product_cat?post=501"},{"taxonomy":"product_tag","embeddable":true,"href":"https:\/\/burgis.de\/gv\/wp-json\/wp\/v2\/product_tag?post=501"}],"curies":[{"name":"wp","href":"https:\/\/api.w.org\/{rel}","templated":true}]}}