{"id":503,"date":"2022-03-28T19:08:30","date_gmt":"2022-03-28T17:08:30","guid":{"rendered":"https:\/\/burgis.de\/gv\/?post_type=product&#038;p=503"},"modified":"2022-07-25T11:31:39","modified_gmt":"2022-07-25T09:31:39","slug":"kartoffelkloesse-altdeutsche-art","status":"publish","type":"product","link":"https:\/\/burgis.de\/gv\/produkt\/kartoffelkloesse-altdeutsche-art\/","title":{"rendered":"Kartoffelkl\u00f6\u00dfe altdeutsche Art"},"content":{"rendered":"<h4>Ja da schau her!<\/h4>\n<ul>\n<li>Vegan<\/li>\n<li>Glutenfrei, Laktosefrei<\/li>\n<li>Ohne Zusatz von Geschmacksverst\u00e4rker, lt. Handelsbrauch<\/li>\n<li>Ohne Zusatz von Farbstoffen<\/li>\n<li>Erh\u00e4ltlich in folgende Packungsgr\u00f6\u00dfen:\n<ul>\n<li>38\u00d740 g Kn\u00f6del pro Packung (Art.-Nr. 500796)<\/li>\n<li>20\u00d775 g Kn\u00f6del pro Packung (Art.-Nr. 500797)<\/li>\n<\/ul>\n<\/li>\n<\/ul>\n<p>Kartoffelkl\u00f6\u00dfe altdeutsche Art von Burgis verbindet all das, was man von einem echten, bayerischen Original erwartet: Hergestellt nach altdeutscher Art \u00fcberzeugen diese Kn\u00f6del mit Ihrem typischen Geschmack. Kein Wunder, wird dieses Premium-Produkt doch ausschlie\u00dflich aus frisch geriebenen, bayerischen Veredelungskartoffeln hergestellt, die mit dem Qualit\u00e4tssiegel \u201cGepr\u00fcfte Qualit\u00e4t \u2013 Bayern\u201d ausgezeichnet sind. Besser geht\u2019s nicht!<\/p>","protected":false},"excerpt":{"rendered":"<header class=\"header\" role=\"banner\">\n<div class=\"header-image header-subpage skrollable skrollable-between\" data-0-start=\"height:500px;\" data-200-start=\"height:150px;\">\n<div class=\"header-text-wrapper\">\n<p>Original altdeutsche Art<\/p>\n<\/div>\n<\/div>\n<\/header>","protected":false},"featured_media":505,"template":"","meta":{"_acf_changed":false,"_seopress_robots_primary_cat":"none","_seopress_titles_title":"Kartoffelkl\u00f6\u00dfe altdeutsche Art | Burgis","_seopress_titles_desc":"Hier kommt der urtypische Kn\u00f6delgenuss auf den Teller. Die Kartoffelkl\u00f6\u00dfe altdeutsche Art werden ausschlie\u00dflich aus Veredelungskartoffeln hergestellt.","_seopress_robots_index":""},"product_brand":[],"product_cat":[45],"product_tag":[],"class_list":{"0":"post-503","1":"product","2":"type-product","3":"status-publish","4":"has-post-thumbnail","6":"product_cat-tiefkuehlknoedel","8":"first","9":"outofstock","10":"product-type-simple"},"acf":[],"_links":{"self":[{"href":"https:\/\/burgis.de\/gv\/wp-json\/wp\/v2\/product\/503","targetHints":{"allow":["GET"]}}],"collection":[{"href":"https:\/\/burgis.de\/gv\/wp-json\/wp\/v2\/product"}],"about":[{"href":"https:\/\/burgis.de\/gv\/wp-json\/wp\/v2\/types\/product"}],"wp:featuredmedia":[{"embeddable":true,"href":"https:\/\/burgis.de\/gv\/wp-json\/wp\/v2\/media\/505"}],"wp:attachment":[{"href":"https:\/\/burgis.de\/gv\/wp-json\/wp\/v2\/media?parent=503"}],"wp:term":[{"taxonomy":"product_brand","embeddable":true,"href":"https:\/\/burgis.de\/gv\/wp-json\/wp\/v2\/product_brand?post=503"},{"taxonomy":"product_cat","embeddable":true,"href":"https:\/\/burgis.de\/gv\/wp-json\/wp\/v2\/product_cat?post=503"},{"taxonomy":"product_tag","embeddable":true,"href":"https:\/\/burgis.de\/gv\/wp-json\/wp\/v2\/product_tag?post=503"}],"curies":[{"name":"wp","href":"https:\/\/api.w.org\/{rel}","templated":true}]}}