{"id":509,"date":"2022-03-28T19:10:23","date_gmt":"2022-03-28T17:10:23","guid":{"rendered":"https:\/\/burgis.de\/gv\/?post_type=product&#038;p=509"},"modified":"2026-04-21T09:52:30","modified_gmt":"2026-04-21T07:52:30","slug":"bio-knoedelinos","status":"publish","type":"product","link":"https:\/\/burgis.de\/gv\/produkt\/bio-knoedelinos\/","title":{"rendered":"Bio-Kn\u00f6delinos"},"content":{"rendered":"<h4>Kleine Kn\u00f6del aus gro\u00dfartigen Kartoffeln.<\/h4>\n<ul>\n<li>Vegan<\/li>\n<li>Glutenfrei, Laktosefrei<\/li>\n<li>Ausgezeichnet mit den Qualit\u00e4tssiegeln \u201eBioland\u201c, \u201eEU-BIO\u201c und \u201eBayerisches Bio-Siegel\u201c<\/li>\n<li>Ohne Zusatz von Geschmacksverst\u00e4rker, lt. Handelsbrauch<\/li>\n<li>Ohne Zusatz von Farbstoffen<\/li>\n<li>Packungsinhalt: 1 kg (ca. 40 Kn\u00f6delinos \u00e0 25g)<\/li>\n<li>Art.-Nr. 500484<\/li>\n<\/ul>\n<p>Die Bio-Kn\u00f6delinos\u00ae sind von Natur aus vegan und eignen sich zudem f\u00fcr eine gluten- oder laktosefreie Ern\u00e4hrungsweise. Sie sind eine schnell zubereitete Beilage zu Geschnetzeltem, Gem\u00fcsepfanne, Pilzpfanne oder Rahmgem\u00fcse. Sie eignen sich auch gut als pfiffige Einlage in knackigen Salaten. Nur die beste Qualit\u00e4t, auch in den Bio-Kn\u00f6delinos\u00ae aus der Tiefk\u00fchltruhe!<\/p>\n<p><img loading=\"lazy\" decoding=\"async\" class=\"aligncenter size-full wp-image-66480\" src=\"https:\/\/burgis.de\/app\/uploads\/2021\/03\/Bio-Siegel-HP.png\" alt=\"Verschiedene Bio-Siegel\" width=\"1300\" height=\"244\" \/><\/p>","protected":false},"excerpt":{"rendered":"<header class=\"header\" role=\"banner\">\n<div class=\"header-image header-subpage skrollable skrollable-between\" data-0-start=\"height:500px;\" data-200-start=\"height:150px;\">\n<div class=\"header-text-wrapper\">\n<p>halb &amp; halb, aus frischen Kartoffeln<\/p>\n<\/div>\n<\/div>\n<\/header>","protected":false},"featured_media":511,"template":"","meta":{"_acf_changed":false,"_seopress_robots_primary_cat":"none","_seopress_titles_title":"","_seopress_titles_desc":"Entdecken Sie unsere Bio-Kn\u00f6delinos \u2013 die perfekte, praktische Beilage f\u00fcr jede Mahlzeit! Lecker, hochwertig und ganz einfach zuzubereiten.","_seopress_robots_index":""},"product_brand":[],"product_cat":[45],"product_tag":[],"class_list":{"0":"post-509","1":"product","2":"type-product","3":"status-publish","4":"has-post-thumbnail","6":"product_cat-tiefkuehlknoedel","8":"first","9":"outofstock","10":"product-type-simple"},"acf":[],"_links":{"self":[{"href":"https:\/\/burgis.de\/gv\/wp-json\/wp\/v2\/product\/509","targetHints":{"allow":["GET"]}}],"collection":[{"href":"https:\/\/burgis.de\/gv\/wp-json\/wp\/v2\/product"}],"about":[{"href":"https:\/\/burgis.de\/gv\/wp-json\/wp\/v2\/types\/product"}],"wp:featuredmedia":[{"embeddable":true,"href":"https:\/\/burgis.de\/gv\/wp-json\/wp\/v2\/media\/511"}],"wp:attachment":[{"href":"https:\/\/burgis.de\/gv\/wp-json\/wp\/v2\/media?parent=509"}],"wp:term":[{"taxonomy":"product_brand","embeddable":true,"href":"https:\/\/burgis.de\/gv\/wp-json\/wp\/v2\/product_brand?post=509"},{"taxonomy":"product_cat","embeddable":true,"href":"https:\/\/burgis.de\/gv\/wp-json\/wp\/v2\/product_cat?post=509"},{"taxonomy":"product_tag","embeddable":true,"href":"https:\/\/burgis.de\/gv\/wp-json\/wp\/v2\/product_tag?post=509"}],"curies":[{"name":"wp","href":"https:\/\/api.w.org\/{rel}","templated":true}]}}