{"id":515,"date":"2022-03-28T19:12:32","date_gmt":"2022-03-28T17:12:32","guid":{"rendered":"https:\/\/burgis.de\/gv\/?post_type=product&#038;p=515"},"modified":"2023-02-09T14:41:12","modified_gmt":"2023-02-09T13:41:12","slug":"spinatknoedel","status":"publish","type":"product","link":"https:\/\/burgis.de\/gv\/produkt\/spinatknoedel\/","title":{"rendered":"Spinatkn\u00f6del"},"content":{"rendered":"<h4>Des ess i glei, sagd da Popeye!<\/h4>\n<ul>\n<li>Vegetarisch<\/li>\n<li>Laktosefrei<\/li>\n<li>Ohne Zusatz von Geschmacksverst\u00e4rker, lt. Handelsbrauch<\/li>\n<li>Ohne Zusatz von Farbstoffen<\/li>\n<li>Packungsinhalt: 1,5 kg (20 Kn\u00f6del \u00e0 75g)<\/li>\n<li>Art.-Nr. 500661<\/li>\n<\/ul>\n<p>Bei dem neuen Burgis Spinatkn\u00f6del werden auch amerikanische Comic-Helden schwach, \u00e4h stark. Hergestellt aus erlesenen Spinatbl\u00e4ttern, Kr\u00e4utern und echt bayerischen Brezen erweitert diese Kn\u00f6delspezialit\u00e4t das feine Burgis Geformte Kn\u00f6del-Sortiment. Der Spinatkn\u00f6del ist unkompliziert in der Zubereitung und schmeckt hervorragend in Butter und Salbei oder als Beilage zu klassischen Bratengerichten. Als Tiefk\u00fchl-Produkt hat man ihn am besten immer auf Vorrat und kann ihn jederzeit kurzfristig einsetzen.<\/p>","protected":false},"excerpt":{"rendered":"<p>Kn\u00f6del aus Spinat und Brezen-Semmel-W\u00fcrfel<\/p>","protected":false},"featured_media":517,"template":"","meta":{"_acf_changed":false,"_seopress_robots_primary_cat":"none","_seopress_titles_title":"Spinatkn\u00f6del GV | Burgis","_seopress_titles_desc":"Hergestellt aus erlesenen Spinatbl\u00e4ttern, Kr\u00e4utern und Brezen erweitert diese Kn\u00f6delspezialit\u00e4t das feine Burgis geformte Kn\u00f6del-Sortiment. ","_seopress_robots_index":""},"product_brand":[],"product_cat":[45],"product_tag":[],"class_list":{"0":"post-515","1":"product","2":"type-product","3":"status-publish","4":"has-post-thumbnail","6":"product_cat-tiefkuehlknoedel","8":"first","9":"outofstock","10":"product-type-simple"},"acf":[],"_links":{"self":[{"href":"https:\/\/burgis.de\/gv\/wp-json\/wp\/v2\/product\/515","targetHints":{"allow":["GET"]}}],"collection":[{"href":"https:\/\/burgis.de\/gv\/wp-json\/wp\/v2\/product"}],"about":[{"href":"https:\/\/burgis.de\/gv\/wp-json\/wp\/v2\/types\/product"}],"wp:featuredmedia":[{"embeddable":true,"href":"https:\/\/burgis.de\/gv\/wp-json\/wp\/v2\/media\/517"}],"wp:attachment":[{"href":"https:\/\/burgis.de\/gv\/wp-json\/wp\/v2\/media?parent=515"}],"wp:term":[{"taxonomy":"product_brand","embeddable":true,"href":"https:\/\/burgis.de\/gv\/wp-json\/wp\/v2\/product_brand?post=515"},{"taxonomy":"product_cat","embeddable":true,"href":"https:\/\/burgis.de\/gv\/wp-json\/wp\/v2\/product_cat?post=515"},{"taxonomy":"product_tag","embeddable":true,"href":"https:\/\/burgis.de\/gv\/wp-json\/wp\/v2\/product_tag?post=515"}],"curies":[{"name":"wp","href":"https:\/\/api.w.org\/{rel}","templated":true}]}}