{"id":727,"date":"2022-07-15T11:34:59","date_gmt":"2022-07-15T09:34:59","guid":{"rendered":"https:\/\/burgis.de\/gv\/?post_type=product&#038;p=727"},"modified":"2025-09-03T10:04:20","modified_gmt":"2025-09-03T08:04:20","slug":"kartoffelknoedel-mit-brotwuerfel","status":"publish","type":"product","link":"https:\/\/burgis.de\/gv\/produkt\/kartoffelknoedel-mit-brotwuerfel\/","title":{"rendered":"Kartoffelkn\u00f6del"},"content":{"rendered":"<ul>\n<li>Vegan<\/li>\n<li>Laktosefrei<\/li>\n<li>Ausgezeichnet mit dem Qualit\u00e4tssiegel \u201eGepr\u00fcfte Qualit\u00e4t &#8211; Bayern&#8220;<\/li>\n<li>Ohne Zusatz von Geschmacksverst\u00e4rker, lt. Handelsbrauch<\/li>\n<li>Ohne Zusatz von Farbstoffen<\/li>\n<li>Bis zu 4h im Wasserbad kochstabil<\/li>\n<li>Erh\u00e4ltlich in folgenden Kn\u00f6delgr\u00f6\u00dfen:\n<ul>\n<li>90 g (20 Kn\u00f6del pro Packung)\u00a0Art.-Nr.: 500691<\/li>\n<li>125 g (20 Kn\u00f6del pro Packung) Art.-Nr.: 500447<\/li>\n<li>180 g (16 Kn\u00f6del pro Packung)\u00a0Art.-Nr.: 500223<\/li>\n<\/ul>\n<\/li>\n<\/ul>\n<p>F\u00fcr jeden Hunger gibt es einen Kn\u00f6del: Ob 90g, 125g oder sogar 180g \u2013 mit diesen Kn\u00f6deln wird jeder satt! All diese fix und fertigen Kartoffelgen\u00fcsse kommen ganz ohne abkochen aus und sind im Wasserbad bis zu 4 Stunden kochstabil. Ihren frischen Kartoffelgeschmack verdanken diese Kn\u00f6del den regionalen Bauernkartoffeln, ausgezeichnet mit dem G\u00fctesiegel \u201eGepr\u00fcfte Qualit\u00e4t \u2013 Bayern\u201c.<\/p>","protected":false},"excerpt":{"rendered":"<p>Aus frischen Kartoffeln, mit Brotwu\u0308rfel-Croutons-Fu\u0308llung<\/p>","protected":false},"featured_media":1708,"template":"","meta":{"_acf_changed":false,"_seopress_robots_primary_cat":"none","_seopress_titles_title":"Kartoffelkn\u00f6del mit Brotw\u00fcrfel | Burgis","_seopress_titles_desc":"Kn\u00f6delgenuss, der bereits fix und fertig ist - in unterschieldichen Gr\u00f6\u00dfen. Die Burgis Kartoffelkn\u00f6del mit Brotw\u00fcrfel stillen jeden Kn\u00f6del-Hunger.","_seopress_robots_index":""},"product_brand":[],"product_cat":[43],"product_tag":[],"class_list":{"0":"post-727","1":"product","2":"type-product","3":"status-publish","4":"has-post-thumbnail","6":"product_cat-geformte-knoedel","8":"first","9":"outofstock","10":"product-type-simple"},"acf":[],"_links":{"self":[{"href":"https:\/\/burgis.de\/gv\/wp-json\/wp\/v2\/product\/727","targetHints":{"allow":["GET"]}}],"collection":[{"href":"https:\/\/burgis.de\/gv\/wp-json\/wp\/v2\/product"}],"about":[{"href":"https:\/\/burgis.de\/gv\/wp-json\/wp\/v2\/types\/product"}],"wp:featuredmedia":[{"embeddable":true,"href":"https:\/\/burgis.de\/gv\/wp-json\/wp\/v2\/media\/1708"}],"wp:attachment":[{"href":"https:\/\/burgis.de\/gv\/wp-json\/wp\/v2\/media?parent=727"}],"wp:term":[{"taxonomy":"product_brand","embeddable":true,"href":"https:\/\/burgis.de\/gv\/wp-json\/wp\/v2\/product_brand?post=727"},{"taxonomy":"product_cat","embeddable":true,"href":"https:\/\/burgis.de\/gv\/wp-json\/wp\/v2\/product_cat?post=727"},{"taxonomy":"product_tag","embeddable":true,"href":"https:\/\/burgis.de\/gv\/wp-json\/wp\/v2\/product_tag?post=727"}],"curies":[{"name":"wp","href":"https:\/\/api.w.org\/{rel}","templated":true}]}}